{"id":1258,"date":"2021-06-24T09:28:15","date_gmt":"2021-06-24T09:28:15","guid":{"rendered":"https:\/\/aptn.pt\/46congresso\/?page_id=1258"},"modified":"2025-07-27T15:49:14","modified_gmt":"2025-07-27T15:49:14","slug":"regulamentos","status":"publish","type":"page","link":"https:\/\/aptn.pt\/48congresso\/pt\/regulamentos\/","title":{"rendered":"Regulamentos"},"content":{"rendered":"\t\t<div data-elementor-type=\"wp-page\" data-elementor-id=\"1258\" class=\"elementor elementor-1258\" data-elementor-settings=\"[]\">\n\t\t\t\t\t\t\t<div class=\"elementor-section-wrap\">\n\t\t\t\t\t\t\t<section class=\"elementor-section elementor-top-section elementor-element elementor-element-c3382cf elementor-section-boxed elementor-section-height-default elementor-section-height-default\" data-id=\"c3382cf\" data-element_type=\"section\" data-settings=\"{&quot;_ha_eqh_enable&quot;:false}\">\n\t\t\t\t\t\t<div class=\"elementor-container elementor-column-gap-default\">\n\t\t\t\t\t<div class=\"elementor-column elementor-col-100 elementor-top-column elementor-element elementor-element-fd7ad3a\" data-id=\"fd7ad3a\" data-element_type=\"column\">\n\t\t\t<div class=\"elementor-widget-wrap elementor-element-populated\">\n\t\t\t\t\t\t\t\t<div class=\"elementor-element elementor-element-6d6353f elementor-widget elementor-widget-heading\" data-id=\"6d6353f\" data-element_type=\"widget\" data-widget_type=\"heading.default\">\n\t\t\t\t<div class=\"elementor-widget-container\">\n\t\t\t<h1 class=\"elementor-heading-title elementor-size-default\">REGULAMENTO COMUNICA\u00c7\u00d5ES LIVRES<\/h1>\t\t<\/div>\n\t\t\t\t<\/div>\n\t\t\t\t<div class=\"elementor-element elementor-element-c04db4a elementor-widget elementor-widget-heading\" data-id=\"c04db4a\" data-element_type=\"widget\" data-widget_type=\"heading.default\">\n\t\t\t\t<div class=\"elementor-widget-container\">\n\t\t\t<h1 class=\"elementor-heading-title elementor-size-default\">[Regulamento cient\u00edfico]<\/h1>\t\t<\/div>\n\t\t\t\t<\/div>\n\t\t\t\t<div class=\"elementor-element elementor-element-ce6c44c elementor-widget elementor-widget-text-editor\" data-id=\"ce6c44c\" data-element_type=\"widget\" data-widget_type=\"text-editor.default\">\n\t\t\t\t<div class=\"elementor-widget-container\">\n\t\t\t\t\t\t\t<p>A Associa\u00e7\u00e3o Portuguesa de T\u00e9cnicos de Nata\u00e7\u00e3o (APTN) convida todos os interessados a apresentar uma<strong> comunica\u00e7\u00e3o livre<\/strong> no 48\u00ba Congresso T\u00e9cnico-Cient\u00edfico a decorrer em Rio Maior nos dias <strong>25 e 26 de outubro de 2025<\/strong>. As propostas dever\u00e3o ser trabalhos originais (n\u00e3o previamente publicados ou submetidos a publica\u00e7\u00e3o) ou propostas metodol\u00f3gicas no \u00e2mbito da nata\u00e7\u00e3o e das atividades aqu\u00e1ticas. Os trabalhos dever\u00e3o ser submetidos em formato de resumo e enquadrados numa das seguintes \u00e1reas tem\u00e1ticas: (i) treino desportivo e performance; (ii) ensino da nata\u00e7\u00e3o e suas vertentes; (iii) fitness e terapia aqu\u00e1tica; (iv) dire\u00e7\u00e3o t\u00e9cnica e gest\u00e3o de piscinas.<\/p><p>As propostas dever\u00e3o ser escritas recorrendo ao template disponibilizado pela comiss\u00e3o cient\u00edfica do evento <strong>(link\/ver anexo<\/strong>) n\u00e3o excedendo a extens\u00e3o de duas p\u00e1ginas.\u00a0 A vers\u00e3o finalizada do resumo dever\u00e1 ser enviada em formato *.docx para o endere\u00e7o de correio eletr\u00f3nico <a href=\"mailto:aptn.ci\u00eancia@gmail.com\">aptn.ciencia@gmail.com<\/a> at\u00e9 <strong>20 de julho de 2025<\/strong>. No momento da submiss\u00e3o dever\u00e1 ser comunicada a \u00e1rea tem\u00e1tica na qual se enquadra o trabalho. Cada autor poder\u00e1 apresentar no m\u00e1ximo uma comunica\u00e7\u00e3o (n\u00e3o sendo obrigat\u00f3rio que este seja o 1\u00ba autor). N\u00e3o existe limite no n\u00famero de propostas para comunica\u00e7\u00e3o oral em formato de coautoria.<\/p><p>Ap\u00f3s finalizado o per\u00edodo de submiss\u00f5es todos trabalhos seguir\u00e3o um processo de revis\u00e3o por pares. Os autores ser\u00e3o informados sobre o estado da submiss\u00e3o (aceite, revis\u00f5es requeridas ou rejeitado) at\u00e9 ao dia <strong>31 de julho de 2025<\/strong>. Em caso de aceita\u00e7\u00e3o do resumo, este dever\u00e1 ser apresentado sob o formato de comunica\u00e7\u00e3o oral, tendo, para tal, 10 min para a sua apresenta\u00e7\u00e3o, seguindo-se a respetiva discuss\u00e3o. Consoante o n\u00famero de trabalhos submetidos, a APTN poder\u00e1 direcionar o resumo para exposi\u00e7\u00e3o em formato poster. Todas as comunica\u00e7\u00f5es orais ser\u00e3o sujeitas a um processo de avalia\u00e7\u00e3o assente na originalidade, rigor cient\u00edfico, precis\u00e3o na interpreta\u00e7\u00e3o dos resultados e gest\u00e3o temporal da comunica\u00e7\u00e3o. Ser\u00e1 atribu\u00eddo um certificado de m\u00e9rito cient\u00edfico \u00e0s tr\u00eas melhores comunica\u00e7\u00f5es dentro de cada \u00e1rea tem\u00e1tica.<\/p><p>Todos os resumos aceites ser\u00e3o publicados posteriormente num livro de atas a elaborar pela APTN em parceria com a revista Motricidade (<a href=\"https:\/\/revistas.rcaap.pt\/motricidade\">http:\/\/revistas.rcaap.pt\/motricidade<\/a>). Por cada trabalho aceite para comunica\u00e7\u00e3o oral, ser\u00e1 ainda atribu\u00eddo um<strong> voucher de desconto de 50%<\/strong> sobre o investimento no congresso ao autor correspondente e orador no evento.<\/p><p>Pela Comiss\u00e3o Cient\u00edfica<\/p><p><em>M\u00e1rio Costa <\/em><\/p>\t\t\t\t\t\t<\/div>\n\t\t\t\t<\/div>\n\t\t\t\t\t<\/div>\n\t\t<\/div>\n\t\t\t\t\t\t\t<\/div>\n\t\t<\/section>\n\t\t\t\t<section class=\"elementor-section elementor-top-section elementor-element elementor-element-3415a67 elementor-section-boxed elementor-section-height-default elementor-section-height-default\" data-id=\"3415a67\" data-element_type=\"section\" data-settings=\"{&quot;_ha_eqh_enable&quot;:false}\">\n\t\t\t\t\t\t<div class=\"elementor-container elementor-column-gap-default\">\n\t\t\t\t\t<div class=\"elementor-column elementor-col-50 elementor-top-column elementor-element elementor-element-66644f3\" data-id=\"66644f3\" data-element_type=\"column\">\n\t\t\t<div class=\"elementor-widget-wrap elementor-element-populated\">\n\t\t\t\t\t\t\t\t<div class=\"elementor-element elementor-element-862a7dc elementor-widget elementor-widget-button\" data-id=\"862a7dc\" data-element_type=\"widget\" data-widget_type=\"button.default\">\n\t\t\t\t<div class=\"elementor-widget-container\">\n\t\t\t\t\t<div class=\"elementor-button-wrapper\">\n\t\t\t<a href=\"https:\/\/aptn.pt\/48congresso\/wp-content\/uploads\/2025\/07\/template_48o-Congresso.docx\" class=\"elementor-button-link elementor-button elementor-size-sm\" role=\"button\">\n\t\t\t\t\t\t<span class=\"elementor-button-content-wrapper\">\n\t\t\t\t\t\t<span class=\"elementor-button-text\">template<\/span>\n\t\t<\/span>\n\t\t\t\t\t<\/a>\n\t\t<\/div>\n\t\t\t\t<\/div>\n\t\t\t\t<\/div>\n\t\t\t\t\t<\/div>\n\t\t<\/div>\n\t\t\t\t<div class=\"elementor-column elementor-col-50 elementor-top-column elementor-element elementor-element-a1ac3fe\" data-id=\"a1ac3fe\" data-element_type=\"column\">\n\t\t\t<div class=\"elementor-widget-wrap\">\n\t\t\t\t\t\t\t\t\t<\/div>\n\t\t<\/div>\n\t\t\t\t\t\t\t<\/div>\n\t\t<\/section>\n\t\t\t\t\t\t<\/div>\n\t\t\t\t\t<\/div>\n\t\t","protected":false},"excerpt":{"rendered":"<p>REGULAMENTO COMUNICA\u00c7\u00d5ES LIVRES [Regulamento cient\u00edfico] A Associa\u00e7\u00e3o Portuguesa de T\u00e9cnicos de Nata\u00e7\u00e3o (APTN) convida todos os interessados a apresentar uma comunica\u00e7\u00e3o livre no 48\u00ba Congresso T\u00e9cnico-Cient\u00edfico a decorrer em Rio Maior nos dias 25 e 26 de outubro de 2025. As propostas dever\u00e3o ser trabalhos originais (n\u00e3o previamente publicados ou submetidos a publica\u00e7\u00e3o) ou propostas [&hellip;]<\/p>\n","protected":false},"author":1,"featured_media":0,"parent":0,"menu_order":7,"comment_status":"closed","ping_status":"closed","template":"elementor_canvas","meta":[],"_links":{"self":[{"href":"https:\/\/aptn.pt\/48congresso\/wp-json\/wp\/v2\/pages\/1258"}],"collection":[{"href":"https:\/\/aptn.pt\/48congresso\/wp-json\/wp\/v2\/pages"}],"about":[{"href":"https:\/\/aptn.pt\/48congresso\/wp-json\/wp\/v2\/types\/page"}],"author":[{"embeddable":true,"href":"https:\/\/aptn.pt\/48congresso\/wp-json\/wp\/v2\/users\/1"}],"replies":[{"embeddable":true,"href":"https:\/\/aptn.pt\/48congresso\/wp-json\/wp\/v2\/comments?post=1258"}],"version-history":[{"count":95,"href":"https:\/\/aptn.pt\/48congresso\/wp-json\/wp\/v2\/pages\/1258\/revisions"}],"predecessor-version":[{"id":5761,"href":"https:\/\/aptn.pt\/48congresso\/wp-json\/wp\/v2\/pages\/1258\/revisions\/5761"}],"wp:attachment":[{"href":"https:\/\/aptn.pt\/48congresso\/wp-json\/wp\/v2\/media?parent=1258"}],"curies":[{"name":"wp","href":"https:\/\/api.w.org\/{rel}","templated":true}]}}