{"id":1258,"date":"2021-06-24T09:28:15","date_gmt":"2021-06-24T09:28:15","guid":{"rendered":"https:\/\/aptn.pt\/46congresso\/?page_id=1258"},"modified":"2024-10-16T17:12:19","modified_gmt":"2024-10-16T17:12:19","slug":"regulamentos","status":"publish","type":"page","link":"https:\/\/aptn.pt\/47congresso\/pt\/regulamentos\/","title":{"rendered":"Regulamentos"},"content":{"rendered":"\t\t<div data-elementor-type=\"wp-page\" data-elementor-id=\"1258\" class=\"elementor elementor-1258\" data-elementor-settings=\"[]\">\n\t\t\t\t\t\t\t<div class=\"elementor-section-wrap\">\n\t\t\t\t\t\t\t<section class=\"elementor-section elementor-top-section elementor-element elementor-element-cc193ec elementor-section-boxed elementor-section-height-default elementor-section-height-default\" data-id=\"cc193ec\" data-element_type=\"section\" data-settings=\"{&quot;_ha_eqh_enable&quot;:false}\">\n\t\t\t\t\t\t<div class=\"elementor-container elementor-column-gap-default\">\n\t\t\t\t\t<div class=\"elementor-column elementor-col-100 elementor-top-column elementor-element elementor-element-5db925a\" data-id=\"5db925a\" data-element_type=\"column\">\n\t\t\t<div class=\"elementor-widget-wrap elementor-element-populated\">\n\t\t\t\t\t\t\t\t<div class=\"elementor-element elementor-element-e0b630e elementor-widget elementor-widget-heading\" data-id=\"e0b630e\" data-element_type=\"widget\" data-widget_type=\"heading.default\">\n\t\t\t\t<div class=\"elementor-widget-container\">\n\t\t\t<h1 class=\"elementor-heading-title elementor-size-default\">Resultados das Comunica\u00e7\u00f5es Livres<\/h1>\t\t<\/div>\n\t\t\t\t<\/div>\n\t\t\t\t<div class=\"elementor-element elementor-element-67de25b elementor-widget elementor-widget-text-editor\" data-id=\"67de25b\" data-element_type=\"widget\" data-widget_type=\"text-editor.default\">\n\t\t\t\t<div class=\"elementor-widget-container\">\n\t\t\t\t\t\t\t<p>Ap\u00f3s sujeitas a processo de avalia\u00e7\u00e3o assente na originalidade, rigor cient\u00edfico, precis\u00e3o na interpreta\u00e7\u00e3o dos resultados e gest\u00e3o temporal das comunica\u00e7\u00f5es, os vencedores das comunica\u00e7\u00f5es orais livres nas diferentes categorias s\u00e3o:\u00a0\u00a0<\/p>\t\t\t\t\t\t<\/div>\n\t\t\t\t<\/div>\n\t\t\t\t\t<\/div>\n\t\t<\/div>\n\t\t\t\t\t\t\t<\/div>\n\t\t<\/section>\n\t\t\t\t<section class=\"elementor-section elementor-top-section elementor-element elementor-element-4ae2ebe elementor-section-boxed elementor-section-height-default elementor-section-height-default\" data-id=\"4ae2ebe\" data-element_type=\"section\" data-settings=\"{&quot;_ha_eqh_enable&quot;:false}\">\n\t\t\t\t\t\t<div class=\"elementor-container elementor-column-gap-default\">\n\t\t\t\t\t<div class=\"elementor-column elementor-col-33 elementor-top-column elementor-element elementor-element-4fd1c8e elementor-invisible\" data-id=\"4fd1c8e\" data-element_type=\"column\" data-settings=\"{&quot;background_background&quot;:&quot;classic&quot;,&quot;animation&quot;:&quot;slideInLeft&quot;}\">\n\t\t\t<div class=\"elementor-widget-wrap elementor-element-populated\">\n\t\t\t\t\t\t\t\t<div class=\"elementor-element elementor-element-4002a6a elementor-widget elementor-widget-heading\" data-id=\"4002a6a\" data-element_type=\"widget\" data-widget_type=\"heading.default\">\n\t\t\t\t<div class=\"elementor-widget-container\">\n\t\t\t<h1 class=\"elementor-heading-title elementor-size-default\">Treino desportivo e performance<\/h1>\t\t<\/div>\n\t\t\t\t<\/div>\n\t\t\t\t\t<\/div>\n\t\t<\/div>\n\t\t\t\t<div class=\"elementor-column elementor-col-66 elementor-top-column elementor-element elementor-element-5c2154b\" data-id=\"5c2154b\" data-element_type=\"column\">\n\t\t\t<div class=\"elementor-widget-wrap elementor-element-populated\">\n\t\t\t\t\t\t\t\t<div class=\"elementor-element elementor-element-d5059f0 elementor-invisible elementor-widget elementor-widget-text-editor\" data-id=\"d5059f0\" data-element_type=\"widget\" data-settings=\"{&quot;_animation&quot;:&quot;slideInRight&quot;}\" data-widget_type=\"text-editor.default\">\n\t\t\t\t<div class=\"elementor-widget-container\">\n\t\t\t\t\t\t\t<h1><span style=\"color: #33cccc;\"><strong>1\u00ba Classificado<\/strong><\/span><\/h1><p><em>Monitoriza\u00e7\u00e3o das caracter\u00edsticas biomec\u00e2nicas de um dueto de nata\u00e7\u00e3o art\u00edstica ao longo de um macrociclo<\/em><\/p><h4><span style=\"color: #ff6600;\"><strong><span style=\"color: #008080;\">S\u00edlvia Pinto, Ricardo J. Fernandes, Catarina C. Santos, M\u00e1rio J. Costa<\/span>\u00a0<\/strong><\/span><\/h4><h1><span style=\"color: #33cccc;\"><strong>2\u00ba Classificado<\/strong><\/span><\/h1><p><em>An\u00e1lise cinem\u00e1tica de ciclos inspirat\u00f3rios e n\u00e3o inspirat\u00f3rios na t\u00e9cnica de mariposa \u00e0 intensidade m\u00e1xima.\u00a0<\/em><\/p><h4><span style=\"color: #008080;\"><strong>In\u00eas Borda, Marta Pimentel, Ana Cardoso, Ricardo Cardoso, Ant\u00f3nio Sampaio, Diogo D. Carvalho, Al\u00e9xia Fernandes, Ricardo J. Fernandes<\/strong><\/span><\/h4><h1><span style=\"color: #33cccc;\"><strong>3\u00ba Classificado<\/strong><\/span><\/h1><p><em>Avalia\u00e7\u00e3o da t\u00e9cnica de crawl usando unidades de medi\u00e7\u00e3o inercial<\/em><\/p><h4><span style=\"color: #008080;\"><strong>Pedro Santos, Lu\u00eds Rama, Beatriz Gomes<\/strong><\/span><\/h4>\t\t\t\t\t\t<\/div>\n\t\t\t\t<\/div>\n\t\t\t\t\t<\/div>\n\t\t<\/div>\n\t\t\t\t\t\t\t<\/div>\n\t\t<\/section>\n\t\t\t\t<section class=\"elementor-section elementor-top-section elementor-element elementor-element-41245af elementor-section-boxed elementor-section-height-default elementor-section-height-default\" data-id=\"41245af\" data-element_type=\"section\" data-settings=\"{&quot;_ha_eqh_enable&quot;:false}\">\n\t\t\t\t\t\t<div class=\"elementor-container elementor-column-gap-default\">\n\t\t\t\t\t<div class=\"elementor-column elementor-col-100 elementor-top-column elementor-element elementor-element-63bd37b\" data-id=\"63bd37b\" data-element_type=\"column\">\n\t\t\t<div class=\"elementor-widget-wrap elementor-element-populated\">\n\t\t\t\t\t\t\t\t<div class=\"elementor-element elementor-element-10444e6 elementor-widget-divider--view-line elementor-widget elementor-widget-divider\" data-id=\"10444e6\" data-element_type=\"widget\" data-widget_type=\"divider.default\">\n\t\t\t\t<div class=\"elementor-widget-container\">\n\t\t\t\t\t<div class=\"elementor-divider\">\n\t\t\t<span class=\"elementor-divider-separator\">\n\t\t\t\t\t\t<\/span>\n\t\t<\/div>\n\t\t\t\t<\/div>\n\t\t\t\t<\/div>\n\t\t\t\t\t<\/div>\n\t\t<\/div>\n\t\t\t\t\t\t\t<\/div>\n\t\t<\/section>\n\t\t\t\t<section class=\"elementor-section elementor-top-section elementor-element elementor-element-c5e0412 elementor-section-boxed elementor-section-height-default elementor-section-height-default\" data-id=\"c5e0412\" data-element_type=\"section\" data-settings=\"{&quot;_ha_eqh_enable&quot;:false}\">\n\t\t\t\t\t\t<div class=\"elementor-container elementor-column-gap-default\">\n\t\t\t\t\t<div class=\"elementor-column elementor-col-33 elementor-top-column elementor-element elementor-element-9318622 elementor-invisible\" data-id=\"9318622\" data-element_type=\"column\" data-settings=\"{&quot;background_background&quot;:&quot;classic&quot;,&quot;animation&quot;:&quot;slideInLeft&quot;}\">\n\t\t\t<div class=\"elementor-widget-wrap elementor-element-populated\">\n\t\t\t\t\t\t\t\t<div class=\"elementor-element elementor-element-cc10153 elementor-widget elementor-widget-heading\" data-id=\"cc10153\" data-element_type=\"widget\" data-widget_type=\"heading.default\">\n\t\t\t\t<div class=\"elementor-widget-container\">\n\t\t\t<h1 class=\"elementor-heading-title elementor-size-default\">Ensino da nata\u00e7\u00e3o e suas vertentes<\/h1>\t\t<\/div>\n\t\t\t\t<\/div>\n\t\t\t\t\t<\/div>\n\t\t<\/div>\n\t\t\t\t<div class=\"elementor-column elementor-col-66 elementor-top-column elementor-element elementor-element-df085b0\" data-id=\"df085b0\" data-element_type=\"column\">\n\t\t\t<div class=\"elementor-widget-wrap elementor-element-populated\">\n\t\t\t\t\t\t\t\t<div class=\"elementor-element elementor-element-c5b131a elementor-invisible elementor-widget elementor-widget-text-editor\" data-id=\"c5b131a\" data-element_type=\"widget\" data-settings=\"{&quot;_animation&quot;:&quot;slideInRight&quot;}\" data-widget_type=\"text-editor.default\">\n\t\t\t\t<div class=\"elementor-widget-container\">\n\t\t\t\t\t\t\t<h1><span style=\"color: #33cccc;\"><strong>1\u00ba Classificado<\/strong><\/span><\/h1><p><em>Rela\u00e7\u00e3o entre par\u00e2metros biomec\u00e2nicos e a inclina\u00e7\u00e3o do tronco em nadadores n\u00e3o experts<\/em><\/p><h4><span style=\"color: #008080;\"><strong>Marta Machado, Paul-Adrien Pserchia, Alain Hamaoui, Jo\u00e3o Paulo Vilas-Boas, Catarina C. Santos, M\u00e1rio J. Costa<\/strong><\/span><\/h4><h1><span style=\"color: #33cccc;\"><strong>2\u00ba Classificado<\/strong><\/span><\/h1><p><em>O medo do meio aqu\u00e1tico na aprendizagem da Nata\u00e7\u00e3o: causas, efeitos e metodologias de ultrapassagem das dificuldades<\/em><\/p><h4><span style=\"color: #008080;\"><strong>Diana Grand\u00e3o, Paulo Eira, Ant\u00f3nio Azevedo<\/strong><\/span><\/h4><h1><span style=\"color: #33cccc;\"><strong>3\u00ba Classificado<\/strong><\/span><\/h1><p><em>Motiva\u00e7\u00f5es e constrangimentos para a pr\u00e1tica da Nata\u00e7\u00e3o na popula\u00e7\u00e3o adulta<\/em><\/p><h4><span style=\"color: #008080;\"><strong>Jo\u00e3o Oliveira, Paulo Eira, Ant\u00f3nio Azevedo<\/strong><\/span><\/h4>\t\t\t\t\t\t<\/div>\n\t\t\t\t<\/div>\n\t\t\t\t\t<\/div>\n\t\t<\/div>\n\t\t\t\t\t\t\t<\/div>\n\t\t<\/section>\n\t\t\t\t<section class=\"elementor-section elementor-top-section elementor-element elementor-element-af248c3 elementor-section-boxed elementor-section-height-default elementor-section-height-default\" data-id=\"af248c3\" data-element_type=\"section\" data-settings=\"{&quot;_ha_eqh_enable&quot;:false}\">\n\t\t\t\t\t\t<div class=\"elementor-container elementor-column-gap-default\">\n\t\t\t\t\t<div class=\"elementor-column elementor-col-100 elementor-top-column elementor-element elementor-element-7720887\" data-id=\"7720887\" data-element_type=\"column\">\n\t\t\t<div class=\"elementor-widget-wrap elementor-element-populated\">\n\t\t\t\t\t\t\t\t<div class=\"elementor-element elementor-element-c9ff742 elementor-widget-divider--view-line elementor-widget elementor-widget-divider\" data-id=\"c9ff742\" data-element_type=\"widget\" data-widget_type=\"divider.default\">\n\t\t\t\t<div class=\"elementor-widget-container\">\n\t\t\t\t\t<div class=\"elementor-divider\">\n\t\t\t<span class=\"elementor-divider-separator\">\n\t\t\t\t\t\t<\/span>\n\t\t<\/div>\n\t\t\t\t<\/div>\n\t\t\t\t<\/div>\n\t\t\t\t\t<\/div>\n\t\t<\/div>\n\t\t\t\t\t\t\t<\/div>\n\t\t<\/section>\n\t\t\t\t<section class=\"elementor-section elementor-top-section elementor-element elementor-element-edbc2c2 elementor-section-boxed elementor-section-height-default elementor-section-height-default\" data-id=\"edbc2c2\" data-element_type=\"section\" data-settings=\"{&quot;_ha_eqh_enable&quot;:false}\">\n\t\t\t\t\t\t<div class=\"elementor-container elementor-column-gap-default\">\n\t\t\t\t\t<div class=\"elementor-column elementor-col-33 elementor-top-column elementor-element elementor-element-6f886e3 elementor-invisible\" data-id=\"6f886e3\" data-element_type=\"column\" data-settings=\"{&quot;background_background&quot;:&quot;classic&quot;,&quot;animation&quot;:&quot;slideInLeft&quot;}\">\n\t\t\t<div class=\"elementor-widget-wrap elementor-element-populated\">\n\t\t\t\t\t\t\t\t<div class=\"elementor-element elementor-element-fad8e8f elementor-widget elementor-widget-heading\" data-id=\"fad8e8f\" data-element_type=\"widget\" data-widget_type=\"heading.default\">\n\t\t\t\t<div class=\"elementor-widget-container\">\n\t\t\t<h1 class=\"elementor-heading-title elementor-size-default\">Fitness e terapia aqu\u00e1tica<\/h1>\t\t<\/div>\n\t\t\t\t<\/div>\n\t\t\t\t\t<\/div>\n\t\t<\/div>\n\t\t\t\t<div class=\"elementor-column elementor-col-66 elementor-top-column elementor-element elementor-element-72c6c5c\" data-id=\"72c6c5c\" data-element_type=\"column\">\n\t\t\t<div class=\"elementor-widget-wrap elementor-element-populated\">\n\t\t\t\t\t\t\t\t<div class=\"elementor-element elementor-element-d03858b elementor-invisible elementor-widget elementor-widget-text-editor\" data-id=\"d03858b\" data-element_type=\"widget\" data-settings=\"{&quot;_animation&quot;:&quot;slideInRight&quot;}\" data-widget_type=\"text-editor.default\">\n\t\t\t\t<div class=\"elementor-widget-container\">\n\t\t\t\t\t\t\t<h1><span style=\"color: #33cccc;\"><strong>1\u00ba Classificado<\/strong><\/span><\/h1><p><em>Different type of gloves used in water fitness promotes similar acute physiological responses: a pilot study in older men<\/em><\/p><h4><span style=\"color: #008080;\"><strong>Victor Carrijo, Carlos Farinha, Ana Kanitz, M\u00e1rio J. Costa, Catarina C. Santos<\/strong><\/span><\/h4>\t\t\t\t\t\t<\/div>\n\t\t\t\t<\/div>\n\t\t\t\t\t<\/div>\n\t\t<\/div>\n\t\t\t\t\t\t\t<\/div>\n\t\t<\/section>\n\t\t\t\t<section class=\"elementor-section elementor-top-section elementor-element elementor-element-2a03761 elementor-section-boxed elementor-section-height-default elementor-section-height-default\" data-id=\"2a03761\" data-element_type=\"section\" data-settings=\"{&quot;_ha_eqh_enable&quot;:false}\">\n\t\t\t\t\t\t<div class=\"elementor-container elementor-column-gap-default\">\n\t\t\t\t\t<div class=\"elementor-column elementor-col-100 elementor-top-column elementor-element elementor-element-f6bc678\" data-id=\"f6bc678\" data-element_type=\"column\">\n\t\t\t<div class=\"elementor-widget-wrap elementor-element-populated\">\n\t\t\t\t\t\t\t\t<div class=\"elementor-element elementor-element-6f67056 elementor-widget-divider--view-line elementor-widget elementor-widget-divider\" data-id=\"6f67056\" data-element_type=\"widget\" data-widget_type=\"divider.default\">\n\t\t\t\t<div class=\"elementor-widget-container\">\n\t\t\t\t\t<div class=\"elementor-divider\">\n\t\t\t<span class=\"elementor-divider-separator\">\n\t\t\t\t\t\t<\/span>\n\t\t<\/div>\n\t\t\t\t<\/div>\n\t\t\t\t<\/div>\n\t\t\t\t\t<\/div>\n\t\t<\/div>\n\t\t\t\t\t\t\t<\/div>\n\t\t<\/section>\n\t\t\t\t<section class=\"elementor-section elementor-top-section elementor-element elementor-element-c3382cf elementor-section-boxed elementor-section-height-default elementor-section-height-default\" data-id=\"c3382cf\" data-element_type=\"section\" data-settings=\"{&quot;_ha_eqh_enable&quot;:false}\">\n\t\t\t\t\t\t<div class=\"elementor-container elementor-column-gap-default\">\n\t\t\t\t\t<div class=\"elementor-column elementor-col-100 elementor-top-column elementor-element elementor-element-fd7ad3a\" data-id=\"fd7ad3a\" data-element_type=\"column\">\n\t\t\t<div class=\"elementor-widget-wrap elementor-element-populated\">\n\t\t\t\t\t\t\t\t<div class=\"elementor-element elementor-element-6d6353f elementor-widget elementor-widget-heading\" data-id=\"6d6353f\" data-element_type=\"widget\" data-widget_type=\"heading.default\">\n\t\t\t\t<div class=\"elementor-widget-container\">\n\t\t\t<h1 class=\"elementor-heading-title elementor-size-default\">REGULAMENTO COMUNICA\u00c7\u00d5ES LIVRES<\/h1>\t\t<\/div>\n\t\t\t\t<\/div>\n\t\t\t\t<div class=\"elementor-element elementor-element-c04db4a elementor-widget elementor-widget-heading\" data-id=\"c04db4a\" data-element_type=\"widget\" data-widget_type=\"heading.default\">\n\t\t\t\t<div class=\"elementor-widget-container\">\n\t\t\t<h1 class=\"elementor-heading-title elementor-size-default\">[Regulamento cient\u00edfico]<\/h1>\t\t<\/div>\n\t\t\t\t<\/div>\n\t\t\t\t<div class=\"elementor-element elementor-element-ce6c44c elementor-widget elementor-widget-text-editor\" data-id=\"ce6c44c\" data-element_type=\"widget\" data-widget_type=\"text-editor.default\">\n\t\t\t\t<div class=\"elementor-widget-container\">\n\t\t\t\t\t\t\t<p>A Associa\u00e7\u00e3o Portuguesa de T\u00e9cnicos de Nata\u00e7\u00e3o (APTN) convida todos os interessados a apresentar uma comunica\u00e7\u00e3o livre no <strong>47\u00ba Congresso T\u00e9cnico-Cient\u00edfico<\/strong> a decorrer em Viseu nos dias <strong>12 e 13 de outubro<\/strong> de 2024. As propostas dever\u00e3o ser trabalhos originais (n\u00e3o previamente publicados ou submetidos a publica\u00e7\u00e3o) ou propostas metodol\u00f3gicas no \u00e2mbito da nata\u00e7\u00e3o e das atividades aqu\u00e1ticas. Os trabalhos dever\u00e3o ser submetidos em formato de resumo e enquadrados numa das seguintes \u00e1reas tem\u00e1ticas: <strong>(i) treino desportivo e performance; (ii) ensino da nata\u00e7\u00e3o e suas vertentes; (iii) fitness e terapia aqu\u00e1tica e; (iv) dire\u00e7\u00e3o t\u00e9cnica e gest\u00e3o de piscinas.<\/strong><\/p><p>As propostas dever\u00e3o ser escritas recorrendo ao Microsoft Word numa vers\u00e3o n\u00e3o anterior a 97\/03, em formato A4, com 2.5 cm de margens, fonte Arial tamanho 11, espa\u00e7amento duplo e n\u00e3o excedendo a extens\u00e3o de <strong>duas p\u00e1ginas<\/strong>. O(s) nome(s) do(s) autor(es), sem graus acad\u00e9micos, devem ser apresentados separados por v\u00edrgulas. As afilia\u00e7\u00f5es institucionais poder\u00e3o estar em formato num\u00e9rico junto ao apelido, mas dever\u00e3o ter correspond\u00eancia no seguimento da folha com fonte tamanho 8. As refer\u00eancias bibliogr\u00e1ficas (a existir) ser\u00e3o no m\u00e1ximo tr\u00eas. O autores poder\u00e3o consultar o template para submiss\u00e3o dos trabalhos no anexo deste regulamento. A vers\u00e3o finalizada do resumo dever\u00e1 ser enviada em formato *.docx para o endere\u00e7o de correio eletr\u00f3nico <a href=\"mailto:geral@aptn.pt\">geral@aptn.pt<\/a> at\u00e9 <strong>31 de julho de 2024<\/strong>. Poder\u00e3o visualizar um exemplo da estrutura\u00e7\u00e3o do resumo no anexo ao presente regulamento. No momento da submiss\u00e3o <strong>dever\u00e1 ser comunicada a \u00e1rea tem\u00e1tica<\/strong> na qual se enquadra o trabalho. Cada autor poder\u00e1 apresentar no m\u00e1ximo uma comunica\u00e7\u00e3o (n\u00e3o sendo obrigat\u00f3rio que este seja o primeiro autor). N\u00e3o existe limite no n\u00famero de propostas para comunica\u00e7\u00e3o oral em formato de coautoria.<\/p><p>Ap\u00f3s finalizado o per\u00edodo de submiss\u00f5es todos trabalhos ter\u00e3o revis\u00e3o por pares. Os autores ser\u00e3o informados sobre o estado da submiss\u00e3o (aceite, revis\u00f5es requeridas ou rejeitado) at\u00e9 ao dia <b>13 de setembro<\/b><strong>\u00a0de 2024<\/strong>. Em caso de aceita\u00e7\u00e3o do resumo, este dever\u00e1 ser apresentado sob o formato de comunica\u00e7\u00e3o oral de\u00a0 10 min de dura\u00e7\u00e3o, seguindo-se a respetiva discuss\u00e3o. Consoante o n\u00famero de trabalhos submetidos, a APTN poder\u00e1 direcionar o resumo para exposi\u00e7\u00e3o em formato poster. Todas as comunica\u00e7\u00f5es orais ser\u00e3o sujeitas a um processo de avalia\u00e7\u00e3o assente na originalidade, rigor cient\u00edfico, precis\u00e3o na interpreta\u00e7\u00e3o dos resultados e gest\u00e3o temporal da comunica\u00e7\u00e3o. Um certificado de m\u00e9rito cient\u00edfico ser\u00e1 atribu\u00eddo \u00e0s tr\u00eas melhores comunica\u00e7\u00f5es dentro de cada \u00e1rea tem\u00e1tica.<\/p><p>Todos os resumos aceites ser\u00e3o publicados posteriormente num livro de atas a elaborar pela APTN em parceria com a revista Motricidade (<a href=\"http:\/\/revistas.rcaap.pt\/motricidade\">http:\/\/revistas.rcaap.pt\/motricidade<\/a>). Por cada trabalho aceite para comunica\u00e7\u00e3o oral, ser\u00e1 ainda atribu\u00eddo um voucher de desconto de 50% sobre o investimento no congresso (a atribuir ao orador).<\/p>\t\t\t\t\t\t<\/div>\n\t\t\t\t<\/div>\n\t\t\t\t\t<\/div>\n\t\t<\/div>\n\t\t\t\t\t\t\t<\/div>\n\t\t<\/section>\n\t\t\t\t\t\t<\/div>\n\t\t\t\t\t<\/div>\n\t\t","protected":false},"excerpt":{"rendered":"<p>Resultados das Comunica\u00e7\u00f5es Livres Ap\u00f3s sujeitas a processo de avalia\u00e7\u00e3o assente na originalidade, rigor cient\u00edfico, precis\u00e3o na interpreta\u00e7\u00e3o dos resultados e gest\u00e3o temporal das comunica\u00e7\u00f5es, os vencedores das comunica\u00e7\u00f5es orais livres nas diferentes categorias s\u00e3o:\u00a0\u00a0 Treino desportivo e performance 1\u00ba Classificado Monitoriza\u00e7\u00e3o das caracter\u00edsticas biomec\u00e2nicas de um dueto de nata\u00e7\u00e3o art\u00edstica ao longo de um [&hellip;]<\/p>\n","protected":false},"author":1,"featured_media":0,"parent":0,"menu_order":7,"comment_status":"closed","ping_status":"closed","template":"elementor_canvas","meta":[],"_links":{"self":[{"href":"https:\/\/aptn.pt\/47congresso\/wp-json\/wp\/v2\/pages\/1258"}],"collection":[{"href":"https:\/\/aptn.pt\/47congresso\/wp-json\/wp\/v2\/pages"}],"about":[{"href":"https:\/\/aptn.pt\/47congresso\/wp-json\/wp\/v2\/types\/page"}],"author":[{"embeddable":true,"href":"https:\/\/aptn.pt\/47congresso\/wp-json\/wp\/v2\/users\/1"}],"replies":[{"embeddable":true,"href":"https:\/\/aptn.pt\/47congresso\/wp-json\/wp\/v2\/comments?post=1258"}],"version-history":[{"count":92,"href":"https:\/\/aptn.pt\/47congresso\/wp-json\/wp\/v2\/pages\/1258\/revisions"}],"predecessor-version":[{"id":5565,"href":"https:\/\/aptn.pt\/47congresso\/wp-json\/wp\/v2\/pages\/1258\/revisions\/5565"}],"wp:attachment":[{"href":"https:\/\/aptn.pt\/47congresso\/wp-json\/wp\/v2\/media?parent=1258"}],"curies":[{"name":"wp","href":"https:\/\/api.w.org\/{rel}","templated":true}]}}