{"id":1258,"date":"2021-06-24T09:28:15","date_gmt":"2021-06-24T09:28:15","guid":{"rendered":"https:\/\/aptn.pt\/45congresso\/?page_id=1258"},"modified":"2022-10-20T15:31:57","modified_gmt":"2022-10-20T15:31:57","slug":"regulamentos","status":"publish","type":"page","link":"https:\/\/aptn.pt\/45congresso\/pt\/regulamentos\/","title":{"rendered":"Regulamentos"},"content":{"rendered":"\t\t<div data-elementor-type=\"wp-page\" data-elementor-id=\"1258\" class=\"elementor elementor-1258\" data-elementor-settings=\"[]\">\n\t\t\t\t\t\t\t<div class=\"elementor-section-wrap\">\n\t\t\t\t\t\t\t<section class=\"elementor-section elementor-top-section elementor-element elementor-element-6e9ec86 animated-fast elementor-section-boxed elementor-section-height-default elementor-section-height-default elementor-invisible\" data-id=\"6e9ec86\" data-element_type=\"section\" data-settings=\"{&quot;background_background&quot;:&quot;classic&quot;,&quot;animation&quot;:&quot;fadeIn&quot;,&quot;animation_delay&quot;:600,&quot;_ha_eqh_enable&quot;:false}\">\n\t\t\t\t\t\t<div class=\"elementor-container elementor-column-gap-default\">\n\t\t\t\t\t<div class=\"elementor-column elementor-col-100 elementor-top-column elementor-element elementor-element-fd7ad3a\" data-id=\"fd7ad3a\" data-element_type=\"column\">\n\t\t\t<div class=\"elementor-widget-wrap elementor-element-populated\">\n\t\t\t\t\t\t\t\t<div class=\"elementor-element elementor-element-72838da elementor-widget elementor-widget-heading\" data-id=\"72838da\" data-element_type=\"widget\" data-widget_type=\"heading.default\">\n\t\t\t\t<div class=\"elementor-widget-container\">\n\t\t\t<h2 class=\"elementor-heading-title elementor-size-default\">Resultados das Comunica\u00e7\u00f5es Livres<\/h2>\t\t<\/div>\n\t\t\t\t<\/div>\n\t\t\t\t<div class=\"elementor-element elementor-element-5ca37b4 elementor-widget elementor-widget-text-editor\" data-id=\"5ca37b4\" data-element_type=\"widget\" data-widget_type=\"text-editor.default\">\n\t\t\t\t<div class=\"elementor-widget-container\">\n\t\t\t\t\t\t\t<p>Ap\u00f3s sujeitas a processo de avalia\u00e7\u00e3o assente na originalidade, rigor cient\u00edfico, precis\u00e3o na interpreta\u00e7\u00e3o dos resultados e gest\u00e3o temporal das comunica\u00e7\u00f5es, os vencedores das comunica\u00e7\u00f5es orais livres nas diferentes categorias s\u00e3o:\u00a0\u00a0<\/p>\t\t\t\t\t\t<\/div>\n\t\t\t\t<\/div>\n\t\t\t\t<section class=\"elementor-section elementor-inner-section elementor-element elementor-element-d4c9ceb elementor-section-boxed elementor-section-height-default elementor-section-height-default\" data-id=\"d4c9ceb\" data-element_type=\"section\" data-settings=\"{&quot;_ha_eqh_enable&quot;:false}\">\n\t\t\t\t\t\t<div class=\"elementor-container elementor-column-gap-default\">\n\t\t\t\t\t<div class=\"elementor-column elementor-col-50 elementor-inner-column elementor-element elementor-element-ba7df2d\" data-id=\"ba7df2d\" data-element_type=\"column\">\n\t\t\t<div class=\"elementor-widget-wrap elementor-element-populated\">\n\t\t\t\t\t\t\t\t<div class=\"elementor-element elementor-element-0e881ec elementor-widget elementor-widget-heading\" data-id=\"0e881ec\" data-element_type=\"widget\" data-widget_type=\"heading.default\">\n\t\t\t\t<div class=\"elementor-widget-container\">\n\t\t\t<h2 class=\"elementor-heading-title elementor-size-default\">Treino desportivo e performance<\/h2>\t\t<\/div>\n\t\t\t\t<\/div>\n\t\t\t\t\t<\/div>\n\t\t<\/div>\n\t\t\t\t<div class=\"elementor-column elementor-col-50 elementor-inner-column elementor-element elementor-element-1bd20ce\" data-id=\"1bd20ce\" data-element_type=\"column\">\n\t\t\t<div class=\"elementor-widget-wrap elementor-element-populated\">\n\t\t\t\t\t\t\t\t<div class=\"elementor-element elementor-element-ea827d2 elementor-widget elementor-widget-text-editor\" data-id=\"ea827d2\" data-element_type=\"widget\" data-widget_type=\"text-editor.default\">\n\t\t\t\t<div class=\"elementor-widget-container\">\n\t\t\t\t\t\t\t<p style=\"font-weight: 400;\"><strong>1\u00ba (ex-aequo) <em><span style=\"color: #ff0000;\">Diana Torres, Carlos Silva, Hugo Louro, Jan Stastny, Jo\u00e3o Freitas, Tiago Barbosa, Daniel A. Marinho, Aldo M. Costa e Ana Concei\u00e7\u00e3o<\/span><\/em><\/strong>. An\u00e1lise dos par\u00e2metros cinem\u00e1ticos da t\u00e9cnica de crol em nadadores de \u00e1guas abertas<\/p><p style=\"font-weight: 400;\"><strong>1\u00ba<\/strong> <strong>(ex-aequo) <em><span style=\"color: #ff0000;\">Catarina C. Santos, Daniel A. Marinho,Tiago Campos, Marcelo Pinto, M\u00e1rio J. Costa.<\/span><\/em><\/strong> Follow-up of young swimmers\u2019 kinematics and kinetics during the winter season macrocycle<\/p><p style=\"font-weight: 400;\"><strong>2\u00ba\u00a0<em><span style=\"color: #ff0000;\">Francisco Ferreira, Leandro Vieira, Jo\u00e3o Paulo Vilas-Boas, Ricardo J. Fernandes, M\u00e1rio J. Costa, Susana Soares.<\/span><\/em><\/strong> Conte\u00fado informativo de testes velocim\u00e9tricos e de nado amarrado para avalia\u00e7\u00e3o e controlo de treino<\/p><p style=\"font-weight: 400;\"><strong>3\u00ba\u00a0<span style=\"color: #ff0000;\"><em>Leandro Vieira, Francisco Ferreira, Jo\u00e3o Paulo Vilas-Boas, Ricardo J. Fernandes, M\u00e1rio J. Costa, Susana Soares.<\/em><\/span><\/strong> Utiliza\u00e7\u00e3o da velocimetria e do nado amarrado na avalia\u00e7\u00e3o e controlo do treino<\/p>\t\t\t\t\t\t<\/div>\n\t\t\t\t<\/div>\n\t\t\t\t\t<\/div>\n\t\t<\/div>\n\t\t\t\t\t\t\t<\/div>\n\t\t<\/section>\n\t\t\t\t<section class=\"elementor-section elementor-inner-section elementor-element elementor-element-27857db elementor-section-boxed elementor-section-height-default elementor-section-height-default\" data-id=\"27857db\" data-element_type=\"section\" data-settings=\"{&quot;_ha_eqh_enable&quot;:false}\">\n\t\t\t\t\t\t<div class=\"elementor-container elementor-column-gap-default\">\n\t\t\t\t\t<div class=\"elementor-column elementor-col-50 elementor-inner-column elementor-element elementor-element-092ed51\" data-id=\"092ed51\" data-element_type=\"column\">\n\t\t\t<div class=\"elementor-widget-wrap elementor-element-populated\">\n\t\t\t\t\t\t\t\t<div class=\"elementor-element elementor-element-e3b0899 elementor-widget elementor-widget-heading\" data-id=\"e3b0899\" data-element_type=\"widget\" data-widget_type=\"heading.default\">\n\t\t\t\t<div class=\"elementor-widget-container\">\n\t\t\t<h2 class=\"elementor-heading-title elementor-size-default\">Ensino da nata\u00e7\u00e3o e suas vertentes<\/h2>\t\t<\/div>\n\t\t\t\t<\/div>\n\t\t\t\t\t<\/div>\n\t\t<\/div>\n\t\t\t\t<div class=\"elementor-column elementor-col-50 elementor-inner-column elementor-element elementor-element-e5e94c1\" data-id=\"e5e94c1\" data-element_type=\"column\">\n\t\t\t<div class=\"elementor-widget-wrap elementor-element-populated\">\n\t\t\t\t\t\t\t\t<div class=\"elementor-element elementor-element-67e418c elementor-widget elementor-widget-text-editor\" data-id=\"67e418c\" data-element_type=\"widget\" data-widget_type=\"text-editor.default\">\n\t\t\t\t<div class=\"elementor-widget-container\">\n\t\t\t\t\t\t\t<p style=\"font-weight: 400;\"><strong>1\u00ba<\/strong>\u00a0<span style=\"color: #ff0000;\"><em><strong>L\u00e9a Mekkaoui, Tobias\u00a0Vogt, Ilka Staub and Fran\u00e7ois Potdevin.<\/strong><\/em><\/span> 124 questions to build \u00ab\u00a0identity card\u00a0\u00bb of aquatic education programs in Europe<\/p><p style=\"font-weight: 400;\"><strong>2\u00ba<\/strong>\u00a0<em><strong><span style=\"color: #ff0000;\">Zs\u00f3fia Kov\u00e1cs, Gy\u00f6ngyv\u00e9r Priszt\u00f3ka.<\/span><\/strong><\/em> International Curriculum Comparison of the Changes in Hungarian School Swimming Lessons<\/p>\t\t\t\t\t\t<\/div>\n\t\t\t\t<\/div>\n\t\t\t\t\t<\/div>\n\t\t<\/div>\n\t\t\t\t\t\t\t<\/div>\n\t\t<\/section>\n\t\t\t\t<section class=\"elementor-section elementor-inner-section elementor-element elementor-element-e6971ea elementor-section-boxed elementor-section-height-default elementor-section-height-default\" data-id=\"e6971ea\" data-element_type=\"section\" data-settings=\"{&quot;_ha_eqh_enable&quot;:false}\">\n\t\t\t\t\t\t<div class=\"elementor-container elementor-column-gap-default\">\n\t\t\t\t\t<div class=\"elementor-column elementor-col-50 elementor-inner-column elementor-element elementor-element-9bcdaae\" data-id=\"9bcdaae\" data-element_type=\"column\">\n\t\t\t<div class=\"elementor-widget-wrap elementor-element-populated\">\n\t\t\t\t\t\t\t\t<div class=\"elementor-element elementor-element-a051fbb elementor-widget elementor-widget-heading\" data-id=\"a051fbb\" data-element_type=\"widget\" data-widget_type=\"heading.default\">\n\t\t\t\t<div class=\"elementor-widget-container\">\n\t\t\t<h2 class=\"elementor-heading-title elementor-size-default\">Fitness e terapia aqu\u00e1tica<\/h2>\t\t<\/div>\n\t\t\t\t<\/div>\n\t\t\t\t\t<\/div>\n\t\t<\/div>\n\t\t\t\t<div class=\"elementor-column elementor-col-50 elementor-inner-column elementor-element elementor-element-13c6ea5\" data-id=\"13c6ea5\" data-element_type=\"column\">\n\t\t\t<div class=\"elementor-widget-wrap elementor-element-populated\">\n\t\t\t\t\t\t\t\t<div class=\"elementor-element elementor-element-75a70b8 elementor-widget elementor-widget-text-editor\" data-id=\"75a70b8\" data-element_type=\"widget\" data-widget_type=\"text-editor.default\">\n\t\t\t\t<div class=\"elementor-widget-container\">\n\t\t\t\t\t\t\t<p style=\"font-weight: 400;\"><b>1\u00ba\u00a0<\/b><em><strong><span style=\"color: #ff0000;\">Catarina C. Santos, M\u00e1rio J. Costa.<\/span><\/strong><\/em> Comparison of in-water kinetic behaviour during arm flexion by the elbow between middle-aged and older women.<\/p>\t\t\t\t\t\t<\/div>\n\t\t\t\t<\/div>\n\t\t\t\t\t<\/div>\n\t\t<\/div>\n\t\t\t\t\t\t\t<\/div>\n\t\t<\/section>\n\t\t\t\t<div class=\"elementor-element elementor-element-2dbcaa9 elementor-widget elementor-widget-spacer\" data-id=\"2dbcaa9\" data-element_type=\"widget\" data-widget_type=\"spacer.default\">\n\t\t\t\t<div class=\"elementor-widget-container\">\n\t\t\t\t\t<div class=\"elementor-spacer\">\n\t\t\t<div class=\"elementor-spacer-inner\"><\/div>\n\t\t<\/div>\n\t\t\t\t<\/div>\n\t\t\t\t<\/div>\n\t\t\t\t<div class=\"elementor-element elementor-element-6d6353f elementor-widget elementor-widget-heading\" data-id=\"6d6353f\" data-element_type=\"widget\" data-widget_type=\"heading.default\">\n\t\t\t\t<div class=\"elementor-widget-container\">\n\t\t\t<h1 class=\"elementor-heading-title elementor-size-default\">REGULAMENTO COMUNICA\u00c7\u00d5ES LIVRES<\/h1>\t\t<\/div>\n\t\t\t\t<\/div>\n\t\t\t\t<div class=\"elementor-element elementor-element-c04db4a elementor-widget elementor-widget-heading\" data-id=\"c04db4a\" data-element_type=\"widget\" data-widget_type=\"heading.default\">\n\t\t\t\t<div class=\"elementor-widget-container\">\n\t\t\t<h1 class=\"elementor-heading-title elementor-size-default\">[Regulamento cient\u00edfico]<\/h1>\t\t<\/div>\n\t\t\t\t<\/div>\n\t\t\t\t<div class=\"elementor-element elementor-element-ce6c44c elementor-widget elementor-widget-text-editor\" data-id=\"ce6c44c\" data-element_type=\"widget\" data-widget_type=\"text-editor.default\">\n\t\t\t\t<div class=\"elementor-widget-container\">\n\t\t\t\t\t\t\t<p><span style=\"color: #333333;\">A Associa\u00e7\u00e3o Portuguesa de T\u00e9cnicos de Nata\u00e7\u00e3o convida todos os interessados a apresentar uma comunica\u00e7\u00e3o livre no 45\u00ba Congresso T\u00e9cnico-Cient\u00edfico a decorrer em Leiria nos dias 15 e 16 de outubro de 2022. As propostas dever\u00e3o ser trabalhos originais (n\u00e3o previamente publicados ou submetidos a publica\u00e7\u00e3o) ou propostas metodol\u00f3gicas no \u00e2mbito da nata\u00e7\u00e3o e das atividades aqu\u00e1ticas. Os trabalhos dever\u00e3o ser submetidos em formato de resumo e enquadrados numa das seguintes \u00e1reas tem\u00e1ticas: (i) treino desportivo e performance; (ii) ensino da nata\u00e7\u00e3o e suas vertentes; (iii) fitness e terapia aqu\u00e1tica; (iv) dire\u00e7\u00e3o t\u00e9cnica e gest\u00e3o de piscinas.<\/span><\/p><p><span style=\"color: #333333;\">As propostas dever\u00e3o ser escritas recorrendo ao Microsoft Word numa vers\u00e3o n\u00e3o anterior a 97\/03, em formato A4, com 2.5 cm de margens, fonte Arial tamanho 11, espa\u00e7amento duplo e n\u00e3o excedendo a extens\u00e3o de <strong>duas p\u00e1ginas<\/strong>. O(s) nome(s) do(s) autor(es), sem graus acad\u00e9micos, devem ser apresentados separados por v\u00edrgulas. As afilia\u00e7\u00f5es institucionais poder\u00e3o estar em formato num\u00e9rico junto ao apelido, mas dever\u00e3o ter correspond\u00eancia no seguimento da folha com fonte tamanho 8. As refer\u00eancias bibliogr\u00e1ficas (a existir) ser\u00e3o no m\u00e1ximo tr\u00eas. A vers\u00e3o finalizada dos trabalhos dever\u00e1 ser enviada em formato *.docx para o endere\u00e7o de correio eletr\u00f3nico <a style=\"color: #333333;\" href=\"mailto:geral@aptn.pt\">geral@aptn.pt<\/a> at\u00e9 <strong>31 de julho de 2022<\/strong>. Poder\u00e3o visualizar um exemplo da estrutura\u00e7\u00e3o do resumo no anexo ao presente regulamento. No momento da submiss\u00e3o <strong>dever\u00e1 ser comunicada a \u00e1rea tem\u00e1tica<\/strong> na qual se enquadra o trabalho. Cada autor poder\u00e1 apresentar no m\u00e1ximo duas comunica\u00e7\u00f5es (n\u00e3o sendo obrigat\u00f3rio que este seja o 1\u00ba autor). N\u00e3o existe limite no n\u00famero de propostas para comunica\u00e7\u00e3o oral em formato de coautoria.<\/span><\/p><p><span style=\"color: #333333;\">Ap\u00f3s finalizado o per\u00edodo de submiss\u00f5es todos trabalhos ter\u00e3o revis\u00e3o por pares. Os autores ser\u00e3o informados sobre o estado da submiss\u00e3o (aceite, revis\u00f5es requeridas ou rejeitado) at\u00e9 ao dia <strong>09 e setembro de 2022<\/strong>. Em caso de aceita\u00e7\u00e3o do resumo, este dever\u00e1 ser apresentado sob o formato de comunica\u00e7\u00e3o oral, tendo, para tal, 10 min para a sua apresenta\u00e7\u00e3o, seguindo-se a respetiva discuss\u00e3o. Consoante o n\u00famero de trabalhos submetidos, a APTN poder\u00e1 direcionar o resumo para exposi\u00e7\u00e3o em formato poster. Todas as comunica\u00e7\u00f5es orais ser\u00e3o sujeitas a um processo de avalia\u00e7\u00e3o assente na originalidade, rigor cient\u00edfico, precis\u00e3o na interpreta\u00e7\u00e3o dos resultados e gest\u00e3o temporal da comunica\u00e7\u00e3o. Um certificado de m\u00e9rito cient\u00edfico ser\u00e1 atribu\u00eddo \u00e0s tr\u00eas melhores comunica\u00e7\u00f5es dentro de cada t\u00f3pico de submiss\u00e3o.<\/span><\/p><p><span style=\"color: #333333;\">Todos os resumos aceites ser\u00e3o publicados posteriormente num n\u00famero especial na revista Motricidade (<strong><a style=\"color: #333333;\" href=\"http:\/\/revistas.rcaap.pt\/motricidade\">http:\/\/revistas.rcaap.pt\/motricidade<\/a><\/strong>) com indexa\u00e7\u00e3o Scopus. Por cada trabalho aceite para comunica\u00e7\u00e3o oral, ser\u00e1 ainda atribu\u00eddo um voucher de desconto de 50% sobre o investimento no congresso (a atribuir ao orador).<\/span><\/p>\t\t\t\t\t\t<\/div>\n\t\t\t\t<\/div>\n\t\t\t\t<div class=\"elementor-element elementor-element-578700f elementor-widget elementor-widget-text-editor\" data-id=\"578700f\" data-element_type=\"widget\" data-widget_type=\"text-editor.default\">\n\t\t\t\t<div class=\"elementor-widget-container\">\n\t\t\t\t\t\t\t<p style=\"text-align: left;\"><span style=\"color: #ff0000;\"><strong>DATAS IMPORTANTES<\/strong><\/span><\/p>\t\t\t\t\t\t<\/div>\n\t\t\t\t<\/div>\n\t\t\t\t<div class=\"elementor-element elementor-element-edfb5e7 elementor-widget elementor-widget-text-editor\" data-id=\"edfb5e7\" data-element_type=\"widget\" data-widget_type=\"text-editor.default\">\n\t\t\t\t<div class=\"elementor-widget-container\">\n\t\t\t\t\t\t\t<ul><li><span style=\"color: #000000;\"><strong>31 de julho de 2022<\/strong>\u00a0\u2013 Data limite para submiss\u00e3o de resumos para comunica\u00e7\u00e3o oral livre;<\/span><\/li><li><span style=\"color: #000000;\"><strong>09 de setembro de 2022<\/strong>\u00a0\u2013 os autores ser\u00e3o informados sobre o estado (aceite, revis\u00f5es requeridas, rejeitado).<\/span><\/li><li><span style=\"color: #000000;\"><strong>30 de setembro de 2022<\/strong>\u00a0&#8211; data limite para investimento a custo reduzido na participa\u00e7\u00e3o presencial e online.<\/span><\/li><\/ul><p><span style=\"color: #000000;\">(altera\u00e7\u00f5es a estas datas ser\u00e3o divulgadas oportunamente)<\/span><\/p>\t\t\t\t\t\t<\/div>\n\t\t\t\t<\/div>\n\t\t\t\t\t<\/div>\n\t\t<\/div>\n\t\t\t\t\t\t\t<\/div>\n\t\t<\/section>\n\t\t\t\t<section class=\"elementor-section elementor-top-section elementor-element elementor-element-825c10e elementor-section-boxed elementor-section-height-default elementor-section-height-default\" data-id=\"825c10e\" data-element_type=\"section\" data-settings=\"{&quot;_ha_eqh_enable&quot;:false}\">\n\t\t\t\t\t\t<div class=\"elementor-container elementor-column-gap-default\">\n\t\t\t\t\t<div class=\"elementor-column elementor-col-33 elementor-top-column elementor-element elementor-element-e427956\" data-id=\"e427956\" data-element_type=\"column\">\n\t\t\t<div class=\"elementor-widget-wrap\">\n\t\t\t\t\t\t\t\t\t<\/div>\n\t\t<\/div>\n\t\t\t\t<div class=\"elementor-column elementor-col-33 elementor-top-column elementor-element elementor-element-aa83899\" data-id=\"aa83899\" data-element_type=\"column\">\n\t\t\t<div class=\"elementor-widget-wrap\">\n\t\t\t\t\t\t\t\t\t<\/div>\n\t\t<\/div>\n\t\t\t\t<div class=\"elementor-column elementor-col-33 elementor-top-column elementor-element elementor-element-4947960\" data-id=\"4947960\" data-element_type=\"column\">\n\t\t\t<div class=\"elementor-widget-wrap\">\n\t\t\t\t\t\t\t\t\t<\/div>\n\t\t<\/div>\n\t\t\t\t\t\t\t<\/div>\n\t\t<\/section>\n\t\t\t\t\t\t<\/div>\n\t\t\t\t\t<\/div>\n\t\t","protected":false},"excerpt":{"rendered":"<p>Resultados das Comunica\u00e7\u00f5es Livres Ap\u00f3s sujeitas a processo de avalia\u00e7\u00e3o assente na originalidade, rigor cient\u00edfico, precis\u00e3o na interpreta\u00e7\u00e3o dos resultados e gest\u00e3o temporal das comunica\u00e7\u00f5es, os vencedores das comunica\u00e7\u00f5es orais livres nas diferentes categorias s\u00e3o:\u00a0\u00a0 Treino desportivo e performance 1\u00ba (ex-aequo) Diana Torres, Carlos Silva, Hugo Louro, Jan Stastny, Jo\u00e3o Freitas, Tiago Barbosa, Daniel A. [&hellip;]<\/p>\n","protected":false},"author":1,"featured_media":0,"parent":0,"menu_order":7,"comment_status":"closed","ping_status":"closed","template":"elementor_canvas","meta":[],"_links":{"self":[{"href":"https:\/\/aptn.pt\/45congresso\/wp-json\/wp\/v2\/pages\/1258"}],"collection":[{"href":"https:\/\/aptn.pt\/45congresso\/wp-json\/wp\/v2\/pages"}],"about":[{"href":"https:\/\/aptn.pt\/45congresso\/wp-json\/wp\/v2\/types\/page"}],"author":[{"embeddable":true,"href":"https:\/\/aptn.pt\/45congresso\/wp-json\/wp\/v2\/users\/1"}],"replies":[{"embeddable":true,"href":"https:\/\/aptn.pt\/45congresso\/wp-json\/wp\/v2\/comments?post=1258"}],"version-history":[{"count":50,"href":"https:\/\/aptn.pt\/45congresso\/wp-json\/wp\/v2\/pages\/1258\/revisions"}],"predecessor-version":[{"id":3838,"href":"https:\/\/aptn.pt\/45congresso\/wp-json\/wp\/v2\/pages\/1258\/revisions\/3838"}],"wp:attachment":[{"href":"https:\/\/aptn.pt\/45congresso\/wp-json\/wp\/v2\/media?parent=1258"}],"curies":[{"name":"wp","href":"https:\/\/api.w.org\/{rel}","templated":true}]}}