{"id":1244,"date":"2021-06-24T09:03:56","date_gmt":"2021-06-24T09:03:56","guid":{"rendered":"https:\/\/aptn.pt\/45congresso\/?page_id=1244"},"modified":"2022-10-18T11:27:15","modified_gmt":"2022-10-18T11:27:15","slug":"inicio","status":"publish","type":"page","link":"https:\/\/aptn.pt\/45congresso\/pt\/inicio\/","title":{"rendered":"Inicio"},"content":{"rendered":"\t\t<div data-elementor-type=\"wp-page\" data-elementor-id=\"1244\" class=\"elementor elementor-1244\" data-elementor-settings=\"[]\">\n\t\t\t\t\t\t\t<div class=\"elementor-section-wrap\">\n\t\t\t\t\t\t\t<section class=\"elementor-section elementor-top-section elementor-element elementor-element-39f0e2d elementor-section-height-min-height elementor-section-content-middle elementor-section-boxed elementor-section-height-default elementor-section-items-middle\" data-id=\"39f0e2d\" data-element_type=\"section\" data-settings=\"{&quot;background_background&quot;:&quot;classic&quot;,&quot;_ha_eqh_enable&quot;:false}\">\n\t\t\t\t\t\t\t<div class=\"elementor-background-overlay\"><\/div>\n\t\t\t\t\t\t\t<div class=\"elementor-container elementor-column-gap-default\">\n\t\t\t\t\t<div class=\"elementor-column elementor-col-100 elementor-top-column elementor-element elementor-element-d2f0d0d\" data-id=\"d2f0d0d\" data-element_type=\"column\">\n\t\t\t<div class=\"elementor-widget-wrap elementor-element-populated\">\n\t\t\t\t\t\t\t\t<div class=\"elementor-element elementor-element-9a1c0ee animated-fast elementor-invisible elementor-widget elementor-widget-heading\" data-id=\"9a1c0ee\" data-element_type=\"widget\" data-settings=\"{&quot;_animation&quot;:&quot;fadeInUp&quot;,&quot;_animation_delay&quot;:100}\" data-widget_type=\"heading.default\">\n\t\t\t\t<div class=\"elementor-widget-container\">\n\t\t\t<h1 class=\"elementor-heading-title elementor-size-default\">45\u00ba congresso aptn<\/h1>\t\t<\/div>\n\t\t\t\t<\/div>\n\t\t\t\t<section class=\"elementor-section elementor-inner-section elementor-element elementor-element-e783169 elementor-section-content-bottom elementor-section-boxed elementor-section-height-default elementor-section-height-default\" data-id=\"e783169\" data-element_type=\"section\" data-settings=\"{&quot;_ha_eqh_enable&quot;:false}\">\n\t\t\t\t\t\t<div class=\"elementor-container elementor-column-gap-default\">\n\t\t\t\t\t<div class=\"elementor-column elementor-col-25 elementor-inner-column elementor-element elementor-element-1f08df9 animated-fast elementor-invisible\" data-id=\"1f08df9\" data-element_type=\"column\" data-settings=\"{&quot;animation&quot;:&quot;fadeInUp&quot;,&quot;animation_delay&quot;:200}\">\n\t\t\t<div class=\"elementor-widget-wrap elementor-element-populated\">\n\t\t\t\t\t\t\t\t<div class=\"elementor-element elementor-element-63ded33 elementor-widget elementor-widget-heading\" data-id=\"63ded33\" data-element_type=\"widget\" data-widget_type=\"heading.default\">\n\t\t\t\t<div class=\"elementor-widget-container\">\n\t\t\t<h2 class=\"elementor-heading-title elementor-size-default\">escola superior de educa\u00e7\u00e3o e ci\u00eancias sociais<\/h2>\t\t<\/div>\n\t\t\t\t<\/div>\n\t\t\t\t\t<\/div>\n\t\t<\/div>\n\t\t\t\t<div class=\"elementor-column elementor-col-50 elementor-inner-column elementor-element elementor-element-916591d animated-fast elementor-invisible\" data-id=\"916591d\" data-element_type=\"column\" data-settings=\"{&quot;animation&quot;:&quot;fadeInUp&quot;,&quot;animation_delay&quot;:300}\">\n\t\t\t<div class=\"elementor-widget-wrap elementor-element-populated\">\n\t\t\t\t\t\t\t\t<div class=\"elementor-element elementor-element-1821a9d elementor-widget elementor-widget-heading\" data-id=\"1821a9d\" data-element_type=\"widget\" data-widget_type=\"heading.default\">\n\t\t\t\t<div class=\"elementor-widget-container\">\n\t\t\t<h2 class=\"elementor-heading-title elementor-size-default\">LEIRIA\n<\/h2>\t\t<\/div>\n\t\t\t\t<\/div>\n\t\t\t\t<div class=\"elementor-element elementor-element-920c484 elementor-widget elementor-widget-heading\" data-id=\"920c484\" data-element_type=\"widget\" data-widget_type=\"heading.default\">\n\t\t\t\t<div class=\"elementor-widget-container\">\n\t\t\t<h2 class=\"elementor-heading-title elementor-size-default\">15 E 16 OUTUBRO 2022<\/h2>\t\t<\/div>\n\t\t\t\t<\/div>\n\t\t\t\t\t<\/div>\n\t\t<\/div>\n\t\t\t\t<div class=\"elementor-column elementor-col-25 elementor-inner-column elementor-element elementor-element-3adf8c0 animated-fast elementor-invisible\" data-id=\"3adf8c0\" data-element_type=\"column\" data-settings=\"{&quot;animation&quot;:&quot;fadeInUp&quot;,&quot;animation_delay&quot;:400}\">\n\t\t\t<div class=\"elementor-widget-wrap elementor-element-populated\">\n\t\t\t\t\t\t\t\t<div class=\"elementor-element elementor-element-49fe49c elementor-widget elementor-widget-heading\" data-id=\"49fe49c\" data-element_type=\"widget\" data-widget_type=\"heading.default\">\n\t\t\t\t<div class=\"elementor-widget-container\">\n\t\t\t<h2 class=\"elementor-heading-title elementor-size-default\">FORMA\u00c7\u00c3O CREDITADA<\/h2>\t\t<\/div>\n\t\t\t\t<\/div>\n\t\t\t\t\t<\/div>\n\t\t<\/div>\n\t\t\t\t\t\t\t<\/div>\n\t\t<\/section>\n\t\t\t\t\t<\/div>\n\t\t<\/div>\n\t\t\t\t\t\t\t<\/div>\n\t\t<\/section>\n\t\t\t\t<section class=\"elementor-section elementor-top-section elementor-element elementor-element-7538ba2 animated-fast elementor-section-boxed elementor-section-height-default elementor-section-height-default elementor-invisible\" data-id=\"7538ba2\" data-element_type=\"section\" data-settings=\"{&quot;background_background&quot;:&quot;classic&quot;,&quot;animation&quot;:&quot;fadeIn&quot;,&quot;animation_delay&quot;:600,&quot;_ha_eqh_enable&quot;:false}\">\n\t\t\t\t\t\t<div class=\"elementor-container elementor-column-gap-default\">\n\t\t\t\t\t<div class=\"elementor-column elementor-col-100 elementor-top-column elementor-element elementor-element-90e07b5\" data-id=\"90e07b5\" data-element_type=\"column\">\n\t\t\t<div class=\"elementor-widget-wrap elementor-element-populated\">\n\t\t\t\t\t\t\t\t<div class=\"elementor-element elementor-element-adecda9 elementor-widget elementor-widget-heading\" data-id=\"adecda9\" data-element_type=\"widget\" data-widget_type=\"heading.default\">\n\t\t\t\t<div class=\"elementor-widget-container\">\n\t\t\t<h1 class=\"elementor-heading-title elementor-size-default\">MENSAGEM DE BOAS VINDAS<\/h1>\t\t<\/div>\n\t\t\t\t<\/div>\n\t\t\t\t<div class=\"elementor-element elementor-element-8f271f5 elementor-widget elementor-widget-text-editor\" data-id=\"8f271f5\" data-element_type=\"widget\" data-widget_type=\"text-editor.default\">\n\t\t\t\t<div class=\"elementor-widget-container\">\n\t\t\t\t\t\t\t<p><span style=\"color: #333333;\">Desde a sua cria\u00e7\u00e3o que a APTN acredita no valor da educa\u00e7\u00e3o corporativa, o que significa que sempre procurou manter um est\u00edmulo constante ao pensamento critico, ao envolvimento, e \u00e0 partilha de boas pr\u00e1ticas. Este \u00e9 um des\u00edgnio institucional muito forte, e por isso a APTN orgulha-se de organizar ininterruptamente um congresso t\u00e9cnico-cientifico anual em cidades onde o desporto em geral tem atingido \u00edndices elevados de desenvolvimento. Junto com os atores locais, este evento tem crescido em qualidade, dimens\u00e3o e internacionaliza\u00e7\u00e3o, sendo atualmente um dos maiores congressos nacionais de t\u00e9cnicos de desporto e um dos maiores do mundo na \u00e1rea da nata\u00e7\u00e3o. Por efeito, o congresso anual da APTN \u00e9 um evento formativo habitual nos programas das cidades reconhecidas como cidades ou capitais europeias do desporto (ACES Europa).<\/span><\/p><p><span style=\"color: #333333;\">Este ano, nos dias 15 e 16 de outubro, a cidade anfitri\u00e3 \u00e9 Leiria, terra com hist\u00f3ria e tradi\u00e7\u00f5es reconhecidas, e cidade europeia do desporto em 2022 (ACES Europe e ACES Portugal). A C\u00e2mara Municipal de Leiria, junto com o Instituto Polit\u00e9cnico de Leiria (Escola Superior de Educa\u00e7\u00e3o e Ci\u00eancias Sociais &#8211; ESECS) s\u00e3o co-promotores desta 45\u00aa edi\u00e7\u00e3o, que marca a retoma \u00e0 atividade formativa presencial ap\u00f3s dois anos de pandemia. A Federa\u00e7\u00e3o Portuguesa de Nata\u00e7\u00e3o \u00e9 o nosso principal parceiro do evento, no qual contamos tamb\u00e9m com o inestim\u00e1vel apoio institucional do Instituto Portugu\u00eas do Desporto e da Juventude (IPDJ), do Comit\u00e9 Ol\u00edmpico de Portugal (COP), do Comit\u00e9 Paral\u00edmpico de Portugal (CPP), da Confedera\u00e7\u00e3o de Treinadores de Portugal (CPAT), e da Associa\u00e7\u00e3o de Nata\u00e7\u00e3o do Distrito de Leiria (ANDL).<\/span><\/p><p><span style=\"color: #333333;\">A constru\u00e7\u00e3o do programa \u00e9 sempre uma tarefa complexa, sobretudo quando procuramos atender aos interesses das diferentes disciplinas aqu\u00e1ticas. Mas esse car\u00e1cter ecl\u00e9tico \u00e9 tamb\u00e9m o que caracteriza a marca \u201cCongresso APTN\u201d, onde a atualidade e a pertin\u00eancia dos temas \u00e9 veiculada por um vasto painel de oradores de excel\u00eancia. Nesta edi\u00e7\u00e3o inauguramos um novo formato, pois n\u00e3o existem confer\u00eancias plen\u00e1rias e a maioria das sess\u00f5es ser\u00e1 precedida por uma contextualiza\u00e7\u00e3o ao tema pelo moderador convidado. Adicionalmente, ser\u00e3o criados momentos de intera\u00e7\u00e3o com os participantes, proporcionando uma experi\u00eancia formativa reflexiva e por isso de elevado crescimento pessoal. Est\u00e1 aberta a possibilidade de submiss\u00e3o de comunica\u00e7\u00f5es orais (ou de posters), concurso que este ano volta a ser presencial. Regressa tamb\u00e9m a gala de reconhecimento do m\u00e9rito aos nossos treinadores e associados, que ter\u00e1 lugar durante o jantar oficial do evento, aberto a todos os interessados. A cerim\u00f3nia oficial de entrega do pr\u00e9mio ensino da nata\u00e7\u00e3o 2022 far\u00e1 igualmente parte do programa. Vamos fazer deste congresso um sinal de coes\u00e3o e de vitalidade da nossa comunidade t\u00e9cnica, porque juntos fazemos sempre mais e melhor pela nossa nata\u00e7\u00e3o.<\/span><\/p><p><span style=\"color: #333333;\">Vemo-nos em Leiria!<\/span><\/p><p><em>Aldo M. Costa<\/em><\/p><p>(Presidente da APTN)<\/p>\t\t\t\t\t\t<\/div>\n\t\t\t\t<\/div>\n\t\t\t\t\t<\/div>\n\t\t<\/div>\n\t\t\t\t\t\t\t<\/div>\n\t\t<\/section>\n\t\t\t\t<section class=\"elementor-section elementor-top-section elementor-element elementor-element-31e227c elementor-hidden-desktop elementor-hidden-tablet elementor-hidden-phone elementor-section-boxed elementor-section-height-default elementor-section-height-default\" data-id=\"31e227c\" data-element_type=\"section\" data-settings=\"{&quot;background_background&quot;:&quot;classic&quot;,&quot;_ha_eqh_enable&quot;:false}\">\n\t\t\t\t\t\t<div class=\"elementor-container elementor-column-gap-no\">\n\t\t\t\t\t<div class=\"elementor-column elementor-col-100 elementor-top-column elementor-element elementor-element-245d121\" data-id=\"245d121\" data-element_type=\"column\">\n\t\t\t<div class=\"elementor-widget-wrap\">\n\t\t\t\t\t\t\t\t\t<\/div>\n\t\t<\/div>\n\t\t\t\t\t\t\t<\/div>\n\t\t<\/section>\n\t\t\t\t<section class=\"elementor-section elementor-top-section elementor-element elementor-element-3d723fd elementor-section-full_width elementor-hidden-desktop elementor-hidden-tablet elementor-hidden-phone elementor-section-height-default elementor-section-height-default\" data-id=\"3d723fd\" data-element_type=\"section\" data-settings=\"{&quot;_ha_eqh_enable&quot;:false}\">\n\t\t\t\t\t\t<div class=\"elementor-container elementor-column-gap-wider\">\n\t\t\t\t\t<div class=\"elementor-column elementor-col-50 elementor-top-column elementor-element elementor-element-ab5f60c\" data-id=\"ab5f60c\" data-element_type=\"column\">\n\t\t\t<div class=\"elementor-widget-wrap elementor-element-populated\">\n\t\t\t\t\t\t\t\t<div class=\"elementor-element elementor-element-fbf08ed elementor-widget elementor-widget-heading\" data-id=\"fbf08ed\" data-element_type=\"widget\" data-widget_type=\"heading.default\">\n\t\t\t\t<div class=\"elementor-widget-container\">\n\t\t\t<h2 class=\"elementor-heading-title elementor-size-default\">Not\u00edcias<\/h2>\t\t<\/div>\n\t\t\t\t<\/div>\n\t\t\t\t\t<\/div>\n\t\t<\/div>\n\t\t\t\t<div class=\"elementor-column elementor-col-50 elementor-top-column elementor-element elementor-element-10d4ea8\" data-id=\"10d4ea8\" data-element_type=\"column\">\n\t\t\t<div class=\"elementor-widget-wrap elementor-element-populated\">\n\t\t\t\t\t\t\t\t<div class=\"elementor-element elementor-element-0d14c9c elementor-widget elementor-widget-heading\" data-id=\"0d14c9c\" data-element_type=\"widget\" data-widget_type=\"heading.default\">\n\t\t\t\t<div class=\"elementor-widget-container\">\n\t\t\t<h2 class=\"elementor-heading-title elementor-size-default\">Keynotes<\/h2>\t\t<\/div>\n\t\t\t\t<\/div>\n\t\t\t\t\t<\/div>\n\t\t<\/div>\n\t\t\t\t\t\t\t<\/div>\n\t\t<\/section>\n\t\t\t\t<section class=\"elementor-section elementor-top-section elementor-element elementor-element-c2ea043 elementor-section-boxed elementor-section-height-default elementor-section-height-default\" data-id=\"c2ea043\" data-element_type=\"section\" data-settings=\"{&quot;background_background&quot;:&quot;classic&quot;,&quot;_ha_eqh_enable&quot;:false}\">\n\t\t\t\t\t\t<div class=\"elementor-container elementor-column-gap-default\">\n\t\t\t\t\t<div class=\"elementor-column elementor-col-100 elementor-top-column elementor-element elementor-element-b649814\" data-id=\"b649814\" data-element_type=\"column\">\n\t\t\t<div class=\"elementor-widget-wrap elementor-element-populated\">\n\t\t\t\t\t\t\t\t<div class=\"elementor-element elementor-element-005222e elementor-widget elementor-widget-heading\" data-id=\"005222e\" data-element_type=\"widget\" data-widget_type=\"heading.default\">\n\t\t\t\t<div class=\"elementor-widget-container\">\n\t\t\t<h2 class=\"elementor-heading-title elementor-size-default\">datas importantes<\/h2>\t\t<\/div>\n\t\t\t\t<\/div>\n\t\t\t\t<section class=\"elementor-section elementor-inner-section elementor-element elementor-element-4275ede elementor-section-boxed elementor-section-height-default elementor-section-height-default\" data-id=\"4275ede\" data-element_type=\"section\" data-settings=\"{&quot;_ha_eqh_enable&quot;:false}\">\n\t\t\t\t\t\t<div class=\"elementor-container elementor-column-gap-wider\">\n\t\t\t\t\t<div class=\"elementor-column elementor-col-25 elementor-inner-column elementor-element elementor-element-80e21b8\" data-id=\"80e21b8\" data-element_type=\"column\">\n\t\t\t<div class=\"elementor-widget-wrap elementor-element-populated\">\n\t\t\t\t\t\t\t\t<div class=\"elementor-element elementor-element-48af351 elementor-widget elementor-widget-heading\" data-id=\"48af351\" data-element_type=\"widget\" data-widget_type=\"heading.default\">\n\t\t\t\t<div class=\"elementor-widget-container\">\n\t\t\t<h2 class=\"elementor-heading-title elementor-size-default\">31 JULHO<\/h2>\t\t<\/div>\n\t\t\t\t<\/div>\n\t\t\t\t<div class=\"elementor-element elementor-element-afb3d2c elementor-widget elementor-widget-text-editor\" data-id=\"afb3d2c\" data-element_type=\"widget\" data-widget_type=\"text-editor.default\">\n\t\t\t\t<div class=\"elementor-widget-container\">\n\t\t\t\t\t\t\t<p style=\"text-align: center;\"><strong>SUBMISS\u00c3O DE RESUMOS PARA COMUNICA\u00c7\u00c3O ORAL LIVRE<\/strong><\/p>\t\t\t\t\t\t<\/div>\n\t\t\t\t<\/div>\n\t\t\t\t\t<\/div>\n\t\t<\/div>\n\t\t\t\t<div class=\"elementor-column elementor-col-25 elementor-inner-column elementor-element elementor-element-0d8f8bd\" data-id=\"0d8f8bd\" data-element_type=\"column\">\n\t\t\t<div class=\"elementor-widget-wrap elementor-element-populated\">\n\t\t\t\t\t\t\t\t<div class=\"elementor-element elementor-element-0bef3f5 elementor-widget elementor-widget-heading\" data-id=\"0bef3f5\" data-element_type=\"widget\" data-widget_type=\"heading.default\">\n\t\t\t\t<div class=\"elementor-widget-container\">\n\t\t\t<h2 class=\"elementor-heading-title elementor-size-default\">9 SETEMBRO<\/h2>\t\t<\/div>\n\t\t\t\t<\/div>\n\t\t\t\t<div class=\"elementor-element elementor-element-66f3249 elementor-widget elementor-widget-text-editor\" data-id=\"66f3249\" data-element_type=\"widget\" data-widget_type=\"text-editor.default\">\n\t\t\t\t<div class=\"elementor-widget-container\">\n\t\t\t\t\t\t\t<p style=\"text-align: center;\"><strong>NOTIFICA\u00c7\u00c3O AO AUTOR CORRESPONDENTE DO RESUMO PARA COMUNICA\u00c7\u00c3O ORAL LIVRE<\/strong><\/p>\t\t\t\t\t\t<\/div>\n\t\t\t\t<\/div>\n\t\t\t\t\t<\/div>\n\t\t<\/div>\n\t\t\t\t<div class=\"elementor-column elementor-col-25 elementor-inner-column elementor-element elementor-element-71d7caf\" data-id=\"71d7caf\" data-element_type=\"column\">\n\t\t\t<div class=\"elementor-widget-wrap elementor-element-populated\">\n\t\t\t\t\t\t\t\t<div class=\"elementor-element elementor-element-969b6f6 elementor-widget elementor-widget-heading\" data-id=\"969b6f6\" data-element_type=\"widget\" data-widget_type=\"heading.default\">\n\t\t\t\t<div class=\"elementor-widget-container\">\n\t\t\t<h2 class=\"elementor-heading-title elementor-size-default\">30 SETEMBRO<\/h2>\t\t<\/div>\n\t\t\t\t<\/div>\n\t\t\t\t<div class=\"elementor-element elementor-element-3406f38 elementor-widget elementor-widget-text-editor\" data-id=\"3406f38\" data-element_type=\"widget\" data-widget_type=\"text-editor.default\">\n\t\t\t\t<div class=\"elementor-widget-container\">\n\t\t\t\t\t\t\t<p style=\"text-align: center;\"><strong>DATA LIMITE PARA INVESTIMENTO A CUSTO REDUZIDO NA PARTICIPA\u00c7\u00c3O PRESENCIAL\u00a0<\/strong><\/p>\t\t\t\t\t\t<\/div>\n\t\t\t\t<\/div>\n\t\t\t\t\t<\/div>\n\t\t<\/div>\n\t\t\t\t<div class=\"elementor-column elementor-col-25 elementor-inner-column elementor-element elementor-element-f37af41\" data-id=\"f37af41\" data-element_type=\"column\">\n\t\t\t<div class=\"elementor-widget-wrap elementor-element-populated\">\n\t\t\t\t\t\t\t\t<div class=\"elementor-element elementor-element-0b3b931 elementor-widget elementor-widget-text-editor\" data-id=\"0b3b931\" data-element_type=\"widget\" data-widget_type=\"text-editor.default\">\n\t\t\t\t<div class=\"elementor-widget-container\">\n\t\t\t\t\t\t\t\t\t\t\t\t\t<\/div>\n\t\t\t\t<\/div>\n\t\t\t\t\t<\/div>\n\t\t<\/div>\n\t\t\t\t\t\t\t<\/div>\n\t\t<\/section>\n\t\t\t\t<div class=\"elementor-element elementor-element-9a7345c elementor-widget-divider--view-line elementor-widget elementor-widget-divider\" data-id=\"9a7345c\" data-element_type=\"widget\" data-widget_type=\"divider.default\">\n\t\t\t\t<div class=\"elementor-widget-container\">\n\t\t\t\t\t<div class=\"elementor-divider\">\n\t\t\t<span class=\"elementor-divider-separator\">\n\t\t\t\t\t\t<\/span>\n\t\t<\/div>\n\t\t\t\t<\/div>\n\t\t\t\t<\/div>\n\t\t\t\t<div class=\"elementor-element elementor-element-0a50af3 elementor-widget elementor-widget-text-editor\" data-id=\"0a50af3\" data-element_type=\"widget\" data-widget_type=\"text-editor.default\">\n\t\t\t\t<div class=\"elementor-widget-container\">\n\t\t\t\t\t\t\t<p>Altera\u00e7\u00f5es a estas datas ser\u00e3o divulgadas oportunamente<\/p>\t\t\t\t\t\t<\/div>\n\t\t\t\t<\/div>\n\t\t\t\t\t<\/div>\n\t\t<\/div>\n\t\t\t\t\t\t\t<\/div>\n\t\t<\/section>\n\t\t\t\t<section class=\"elementor-section elementor-top-section elementor-element elementor-element-fea1d3d animated-fast elementor-section-boxed elementor-section-height-default elementor-section-height-default\" data-id=\"fea1d3d\" data-element_type=\"section\" data-settings=\"{&quot;background_background&quot;:&quot;classic&quot;,&quot;animation&quot;:&quot;none&quot;,&quot;animation_delay&quot;:600,&quot;_ha_eqh_enable&quot;:false}\">\n\t\t\t\t\t\t<div class=\"elementor-container elementor-column-gap-default\">\n\t\t\t\t\t<div class=\"elementor-column elementor-col-100 elementor-top-column elementor-element elementor-element-f398542\" data-id=\"f398542\" data-element_type=\"column\">\n\t\t\t<div class=\"elementor-widget-wrap elementor-element-populated\">\n\t\t\t\t\t\t\t\t<div class=\"elementor-element elementor-element-3a5d9e6 elementor-widget elementor-widget-menu-anchor\" data-id=\"3a5d9e6\" data-element_type=\"widget\" data-widget_type=\"menu-anchor.default\">\n\t\t\t\t<div class=\"elementor-widget-container\">\n\t\t\t\t\t<div id=\"comprar\" class=\"elementor-menu-anchor\"><\/div>\n\t\t\t\t<\/div>\n\t\t\t\t<\/div>\n\t\t\t\t<div class=\"elementor-element elementor-element-3cc027e elementor-widget elementor-widget-heading\" data-id=\"3cc027e\" data-element_type=\"widget\" data-widget_type=\"heading.default\">\n\t\t\t\t<div class=\"elementor-widget-container\">\n\t\t\t<h2 class=\"elementor-heading-title elementor-size-default\">Bilhetes<\/h2>\t\t<\/div>\n\t\t\t\t<\/div>\n\t\t\t\t<section class=\"elementor-section elementor-inner-section elementor-element elementor-element-84fe190 elementor-section-boxed elementor-section-height-default elementor-section-height-default\" data-id=\"84fe190\" data-element_type=\"section\" data-settings=\"{&quot;_ha_eqh_enable&quot;:false}\">\n\t\t\t\t\t\t<div class=\"elementor-container elementor-column-gap-default\">\n\t\t\t\t\t<div class=\"elementor-column elementor-col-33 elementor-inner-column elementor-element elementor-element-1d93bf4\" data-id=\"1d93bf4\" data-element_type=\"column\">\n\t\t\t<div class=\"elementor-widget-wrap\">\n\t\t\t\t\t\t\t\t\t<\/div>\n\t\t<\/div>\n\t\t\t\t<div class=\"elementor-column elementor-col-33 elementor-inner-column elementor-element elementor-element-fe4b5cc\" data-id=\"fe4b5cc\" data-element_type=\"column\">\n\t\t\t<div class=\"elementor-widget-wrap elementor-element-populated\">\n\t\t\t\t\t\t\t\t<div class=\"elementor-element elementor-element-081307d elementor-widget elementor-widget-text-editor\" data-id=\"081307d\" data-element_type=\"widget\" data-settings=\"{&quot;_animation&quot;:&quot;none&quot;}\" data-widget_type=\"text-editor.default\">\n\t\t\t\t<div class=\"elementor-widget-container\">\n\t\t\t\t\t\t\t<p>Adquira o seu ingresso at\u00e9 30 de setembro e beneficie de pre\u00e7os reduzidos.<\/p>\t\t\t\t\t\t<\/div>\n\t\t\t\t<\/div>\n\t\t\t\t\t<\/div>\n\t\t<\/div>\n\t\t\t\t<div class=\"elementor-column elementor-col-33 elementor-inner-column elementor-element elementor-element-b198ae8\" data-id=\"b198ae8\" data-element_type=\"column\">\n\t\t\t<div class=\"elementor-widget-wrap\">\n\t\t\t\t\t\t\t\t\t<\/div>\n\t\t<\/div>\n\t\t\t\t\t\t\t<\/div>\n\t\t<\/section>\n\t\t\t\t<div class=\"elementor-element elementor-element-fcc2797 elementor-align-center elementor-invisible elementor-widget elementor-widget-button\" data-id=\"fcc2797\" data-element_type=\"widget\" data-settings=\"{&quot;_animation&quot;:&quot;zoomIn&quot;}\" data-widget_type=\"button.default\">\n\t\t\t\t<div class=\"elementor-widget-container\">\n\t\t\t\t\t<div class=\"elementor-button-wrapper\">\n\t\t\t<a href=\"https:\/\/aptn.pt\/45congresso\/pt\/ingressos\/\" class=\"elementor-button-link elementor-button elementor-size-md\" role=\"button\">\n\t\t\t\t\t\t<span class=\"elementor-button-content-wrapper\">\n\t\t\t\t\t\t<span class=\"elementor-button-text\">COMPRAR<\/span>\n\t\t<\/span>\n\t\t\t\t\t<\/a>\n\t\t<\/div>\n\t\t\t\t<\/div>\n\t\t\t\t<\/div>\n\t\t\t\t\t<\/div>\n\t\t<\/div>\n\t\t\t\t\t\t\t<\/div>\n\t\t<\/section>\n\t\t\t\t\t\t<\/div>\n\t\t\t\t\t<\/div>\n\t\t","protected":false},"excerpt":{"rendered":"<p>45\u00ba congresso aptn escola superior de educa\u00e7\u00e3o e ci\u00eancias sociais LEIRIA 15 E 16 OUTUBRO 2022 FORMA\u00c7\u00c3O CREDITADA MENSAGEM DE BOAS VINDAS Desde a sua cria\u00e7\u00e3o que a APTN acredita no valor da educa\u00e7\u00e3o corporativa, o que significa que sempre procurou manter um est\u00edmulo constante ao pensamento critico, ao envolvimento, e \u00e0 partilha de boas [&hellip;]<\/p>\n","protected":false},"author":1,"featured_media":0,"parent":0,"menu_order":1,"comment_status":"closed","ping_status":"closed","template":"elementor_canvas","meta":[],"_links":{"self":[{"href":"https:\/\/aptn.pt\/45congresso\/wp-json\/wp\/v2\/pages\/1244"}],"collection":[{"href":"https:\/\/aptn.pt\/45congresso\/wp-json\/wp\/v2\/pages"}],"about":[{"href":"https:\/\/aptn.pt\/45congresso\/wp-json\/wp\/v2\/types\/page"}],"author":[{"embeddable":true,"href":"https:\/\/aptn.pt\/45congresso\/wp-json\/wp\/v2\/users\/1"}],"replies":[{"embeddable":true,"href":"https:\/\/aptn.pt\/45congresso\/wp-json\/wp\/v2\/comments?post=1244"}],"version-history":[{"count":115,"href":"https:\/\/aptn.pt\/45congresso\/wp-json\/wp\/v2\/pages\/1244\/revisions"}],"predecessor-version":[{"id":3834,"href":"https:\/\/aptn.pt\/45congresso\/wp-json\/wp\/v2\/pages\/1244\/revisions\/3834"}],"wp:attachment":[{"href":"https:\/\/aptn.pt\/45congresso\/wp-json\/wp\/v2\/media?parent=1244"}],"curies":[{"name":"wp","href":"https:\/\/api.w.org\/{rel}","templated":true}]}}