{"id":169,"date":"2021-05-13T16:48:55","date_gmt":"2021-05-13T16:48:55","guid":{"rendered":"https:\/\/aptn.pt\/2congresso\/tickets-cart\/"},"modified":"2025-03-21T20:45:31","modified_gmt":"2025-03-21T20:45:31","slug":"ingressos","status":"publish","type":"page","link":"https:\/\/aptn.pt\/2convencaogestao\/pt\/ingressos\/","title":{"rendered":"Ingressos"},"content":{"rendered":"<h2>Bilhetes para a 2\u00aa Conven\u00e7\u00e3o de Gest\u00e3o e Organiza\u00e7\u00e3o em Piscinas<\/h2>\n                <div class=\"tickera\">\r\n                                            <div class=\"tc-event-table-wrap\">\r\n                            <table class=\"event_tickets tickera\">\r\n                                <tr>\r\n                                                                        <th>Ticket Type<\/th>\r\n                                                                        <th>Price<\/th>\r\n                                                                                                            <th>Cart<\/th>\r\n                                <\/tr>\r\n                                                            <\/table>\r\n                        <\/div><!-- .tc-event-table-wrap -->\r\n                                    <\/div><!-- tickera -->\r\n                \n<p style=\"text-align: right;\"><a href=\"https:\/\/aptn.pt\/2convencaogestao\/pt\/carrinho-de-compras\/\">Finalizar compra<\/a><\/p>\n","protected":false},"excerpt":{"rendered":"<p>Bilhetes para a 2\u00aa Conven\u00e7\u00e3o de Gest\u00e3o e Organiza\u00e7\u00e3o em Piscinas Finalizar compra<\/p>\n","protected":false},"author":1,"featured_media":0,"parent":0,"menu_order":11,"comment_status":"closed","ping_status":"closed","template":"","meta":[],"_links":{"self":[{"href":"https:\/\/aptn.pt\/2convencaogestao\/wp-json\/wp\/v2\/pages\/169"}],"collection":[{"href":"https:\/\/aptn.pt\/2convencaogestao\/wp-json\/wp\/v2\/pages"}],"about":[{"href":"https:\/\/aptn.pt\/2convencaogestao\/wp-json\/wp\/v2\/types\/page"}],"author":[{"embeddable":true,"href":"https:\/\/aptn.pt\/2convencaogestao\/wp-json\/wp\/v2\/users\/1"}],"replies":[{"embeddable":true,"href":"https:\/\/aptn.pt\/2convencaogestao\/wp-json\/wp\/v2\/comments?post=169"}],"version-history":[{"count":51,"href":"https:\/\/aptn.pt\/2convencaogestao\/wp-json\/wp\/v2\/pages\/169\/revisions"}],"predecessor-version":[{"id":5646,"href":"https:\/\/aptn.pt\/2convencaogestao\/wp-json\/wp\/v2\/pages\/169\/revisions\/5646"}],"wp:attachment":[{"href":"https:\/\/aptn.pt\/2convencaogestao\/wp-json\/wp\/v2\/media?parent=169"}],"curies":[{"name":"wp","href":"https:\/\/api.w.org\/{rel}","templated":true}]}}