{"id":3940,"date":"2023-06-16T09:57:28","date_gmt":"2023-06-16T09:57:28","guid":{"rendered":"https:\/\/aptn.pt\/1congresso\/?page_id=3940"},"modified":"2024-04-22T16:54:44","modified_gmt":"2024-04-22T16:54:44","slug":"feira-aptn-2024","status":"publish","type":"page","link":"https:\/\/aptn.pt\/1convencaogestao\/pt\/feira-aptn-2024\/","title":{"rendered":"Feira APTN 2023"},"content":{"rendered":"\t\t<div data-elementor-type=\"wp-page\" data-elementor-id=\"3940\" class=\"elementor elementor-3940\" data-elementor-settings=\"[]\">\n\t\t\t\t\t\t\t<div class=\"elementor-section-wrap\">\n\t\t\t\t\t\t\t<section class=\"elementor-section elementor-top-section elementor-element elementor-element-3aeebee elementor-section-boxed elementor-section-height-default elementor-section-height-default\" data-id=\"3aeebee\" data-element_type=\"section\" data-settings=\"{&quot;_ha_eqh_enable&quot;:false}\">\n\t\t\t\t\t\t<div class=\"elementor-container elementor-column-gap-default\">\n\t\t\t\t\t<div class=\"elementor-column elementor-col-100 elementor-top-column elementor-element elementor-element-0406e79\" data-id=\"0406e79\" data-element_type=\"column\">\n\t\t\t<div class=\"elementor-widget-wrap elementor-element-populated\">\n\t\t\t\t\t\t\t\t<div class=\"elementor-element elementor-element-5b95e0c elementor-widget elementor-widget-heading\" data-id=\"5b95e0c\" data-element_type=\"widget\" data-widget_type=\"heading.default\">\n\t\t\t\t<div class=\"elementor-widget-container\">\n\t\t\t<h2 class=\"elementor-heading-title elementor-size-large\">FEIRA APTN 2024<\/h2>\t\t<\/div>\n\t\t\t\t<\/div>\n\t\t\t\t\t<\/div>\n\t\t<\/div>\n\t\t\t\t\t\t\t<\/div>\n\t\t<\/section>\n\t\t\t\t<section class=\"elementor-section elementor-top-section elementor-element elementor-element-2da2424 elementor-section-boxed elementor-section-height-default elementor-section-height-default\" data-id=\"2da2424\" data-element_type=\"section\" data-settings=\"{&quot;_ha_eqh_enable&quot;:false}\">\n\t\t\t\t\t\t<div class=\"elementor-container elementor-column-gap-default\">\n\t\t\t\t\t<div class=\"elementor-column elementor-col-100 elementor-top-column elementor-element elementor-element-22be740\" data-id=\"22be740\" data-element_type=\"column\">\n\t\t\t<div class=\"elementor-widget-wrap elementor-element-populated\">\n\t\t\t\t\t\t\t\t<div class=\"elementor-element elementor-element-e776e9d elementor-widget elementor-widget-text-editor\" data-id=\"e776e9d\" data-element_type=\"widget\" data-widget_type=\"text-editor.default\">\n\t\t\t\t<div class=\"elementor-widget-container\">\n\t\t\t\t\t\t\t\t\t\t\t\t\t<\/div>\n\t\t\t\t<\/div>\n\t\t\t\t\t<\/div>\n\t\t<\/div>\n\t\t\t\t\t\t\t<\/div>\n\t\t<\/section>\n\t\t\t\t<section class=\"elementor-section elementor-top-section elementor-element elementor-element-0d82bcb elementor-section-boxed elementor-section-height-default elementor-section-height-default\" data-id=\"0d82bcb\" data-element_type=\"section\" data-settings=\"{&quot;_ha_eqh_enable&quot;:false}\">\n\t\t\t\t\t\t<div class=\"elementor-container elementor-column-gap-default\">\n\t\t\t\t\t<div class=\"elementor-column elementor-col-33 elementor-top-column elementor-element elementor-element-5204d06\" data-id=\"5204d06\" data-element_type=\"column\">\n\t\t\t<div class=\"elementor-widget-wrap elementor-element-populated\">\n\t\t\t\t\t\t\t\t<div class=\"elementor-element elementor-element-00044aa elementor-widget elementor-widget-image\" data-id=\"00044aa\" data-element_type=\"widget\" data-widget_type=\"image.default\">\n\t\t\t\t<div class=\"elementor-widget-container\">\n\t\t\t\t\t\t\t\t\t\t\t\t\t\t\t<img width=\"1000\" height=\"1000\" src=\"https:\/\/aptn.pt\/1convencaogestao\/wp-content\/uploads\/2021\/06\/patrocinio-CIMAI-01.jpg\" class=\"attachment-large size-large\" alt=\"\" loading=\"lazy\" srcset=\"https:\/\/aptn.pt\/1convencaogestao\/wp-content\/uploads\/2021\/06\/patrocinio-CIMAI-01.jpg 1000w, https:\/\/aptn.pt\/1convencaogestao\/wp-content\/uploads\/2021\/06\/patrocinio-CIMAI-01-300x300.jpg 300w, https:\/\/aptn.pt\/1convencaogestao\/wp-content\/uploads\/2021\/06\/patrocinio-CIMAI-01-150x150.jpg 150w, https:\/\/aptn.pt\/1convencaogestao\/wp-content\/uploads\/2021\/06\/patrocinio-CIMAI-01-768x768.jpg 768w\" sizes=\"(max-width: 1000px) 100vw, 1000px\" \/>\t\t\t\t\t\t\t\t\t\t\t\t\t\t\t<\/div>\n\t\t\t\t<\/div>\n\t\t\t\t\t<\/div>\n\t\t<\/div>\n\t\t\t\t<div class=\"elementor-column elementor-col-66 elementor-top-column elementor-element elementor-element-02b52cb\" data-id=\"02b52cb\" data-element_type=\"column\">\n\t\t\t<div class=\"elementor-widget-wrap elementor-element-populated\">\n\t\t\t\t\t\t\t\t<div class=\"elementor-element elementor-element-b52acf6 elementor-widget elementor-widget-heading\" data-id=\"b52acf6\" data-element_type=\"widget\" data-widget_type=\"heading.default\">\n\t\t\t\t<div class=\"elementor-widget-container\">\n\t\t\t<h2 class=\"elementor-heading-title elementor-size-default\"><a href=\"https:\/\/www.grupo-cimai.com\/\">CIMAI - Engenharia e Qu\u00edmica Avan\u00e7ada, S.A.<\/a><\/h2>\t\t<\/div>\n\t\t\t\t<\/div>\n\t\t\t\t<div class=\"elementor-element elementor-element-7667ed8 elementor-widget elementor-widget-text-editor\" data-id=\"7667ed8\" data-element_type=\"widget\" data-widget_type=\"text-editor.default\">\n\t\t\t\t<div class=\"elementor-widget-container\">\n\t\t\t\t\t\t\t<p>A CIMAI \u00e9 uma empresa portuguesa l\u00edder no desenvolvimento e fabrica\u00e7\u00e3o de produtos qu\u00edmicos. Com uma equipa de cerca de 40 profissionais, a CIMAI desenvolve e fabrica produtos qu\u00edmicos profissionais de alta performance para tratamento de \u00e1guas, manuten\u00e7\u00e3o industrial e higiene profissional. A Unidade de Engenharia da CIMAI presta servi\u00e7os de manuten\u00e7\u00e3o integrada, projeto e instala\u00e7\u00e3o de equipamentos, na \u00e1rea do tratamento de \u00e1guas.<\/p>\t\t\t\t\t\t<\/div>\n\t\t\t\t<\/div>\n\t\t\t\t\t<\/div>\n\t\t<\/div>\n\t\t\t\t\t\t\t<\/div>\n\t\t<\/section>\n\t\t\t\t<section class=\"elementor-section elementor-top-section elementor-element elementor-element-bbae4d2 elementor-section-boxed elementor-section-height-default elementor-section-height-default\" data-id=\"bbae4d2\" data-element_type=\"section\" data-settings=\"{&quot;_ha_eqh_enable&quot;:false}\">\n\t\t\t\t\t\t<div class=\"elementor-container elementor-column-gap-default\">\n\t\t\t\t\t<div class=\"elementor-column elementor-col-33 elementor-top-column elementor-element elementor-element-5c1a07d\" data-id=\"5c1a07d\" data-element_type=\"column\">\n\t\t\t<div class=\"elementor-widget-wrap elementor-element-populated\">\n\t\t\t\t\t\t\t\t<div class=\"elementor-element elementor-element-82ecd6c elementor-widget elementor-widget-image\" data-id=\"82ecd6c\" data-element_type=\"widget\" data-widget_type=\"image.default\">\n\t\t\t\t<div class=\"elementor-widget-container\">\n\t\t\t\t\t\t\t\t\t\t\t\t\t\t\t<img width=\"1000\" height=\"1000\" src=\"https:\/\/aptn.pt\/1convencaogestao\/wp-content\/uploads\/2021\/06\/parceiro-Ecompositos-01.jpg\" class=\"attachment-large size-large\" alt=\"\" loading=\"lazy\" srcset=\"https:\/\/aptn.pt\/1convencaogestao\/wp-content\/uploads\/2021\/06\/parceiro-Ecompositos-01.jpg 1000w, https:\/\/aptn.pt\/1convencaogestao\/wp-content\/uploads\/2021\/06\/parceiro-Ecompositos-01-300x300.jpg 300w, https:\/\/aptn.pt\/1convencaogestao\/wp-content\/uploads\/2021\/06\/parceiro-Ecompositos-01-150x150.jpg 150w, https:\/\/aptn.pt\/1convencaogestao\/wp-content\/uploads\/2021\/06\/parceiro-Ecompositos-01-768x768.jpg 768w\" sizes=\"(max-width: 1000px) 100vw, 1000px\" \/>\t\t\t\t\t\t\t\t\t\t\t\t\t\t\t<\/div>\n\t\t\t\t<\/div>\n\t\t\t\t\t<\/div>\n\t\t<\/div>\n\t\t\t\t<div class=\"elementor-column elementor-col-66 elementor-top-column elementor-element elementor-element-d4667c1\" data-id=\"d4667c1\" data-element_type=\"column\">\n\t\t\t<div class=\"elementor-widget-wrap elementor-element-populated\">\n\t\t\t\t\t\t\t\t<div class=\"elementor-element elementor-element-6f01c87 elementor-widget elementor-widget-heading\" data-id=\"6f01c87\" data-element_type=\"widget\" data-widget_type=\"heading.default\">\n\t\t\t\t<div class=\"elementor-widget-container\">\n\t\t\t<h2 class=\"elementor-heading-title elementor-size-default\"><a href=\"https:\/\/ecocompositos.pt\/pt\/inicio\">ECOMPOSITOS<\/a><\/h2>\t\t<\/div>\n\t\t\t\t<\/div>\n\t\t\t\t<div class=\"elementor-element elementor-element-dec428c elementor-widget elementor-widget-text-editor\" data-id=\"dec428c\" data-element_type=\"widget\" data-widget_type=\"text-editor.default\">\n\t\t\t\t<div class=\"elementor-widget-container\">\n\t\t\t\t\t\t\t<p>A Ecocomp\u00f3sitos S.A. \u00e9 a empresa lider na venda de produtos para o tratamento de \u00e1gua de piscina em Portugal onde comercializa produtos desenvolvidos por si atrav\u00e9s das suas diversas marcas, com destaque para a Ecopool.<\/p><p>Al\u00e9m disto, mant\u00e9m uma posi\u00e7\u00e3o relevante na comercializa\u00e7\u00e3o de poliuretanos, comp\u00f3sitos, zinco e material para metaliza\u00e7\u00e3o, deterg\u00eancia industrial, fertilizantes, adubos, pl\u00e1sticos agricolas, e muito mais atrav\u00e9s de parceriais e representa\u00e7\u00f5es em exclusivo.<\/p>\t\t\t\t\t\t<\/div>\n\t\t\t\t<\/div>\n\t\t\t\t\t<\/div>\n\t\t<\/div>\n\t\t\t\t\t\t\t<\/div>\n\t\t<\/section>\n\t\t\t\t<section class=\"elementor-section elementor-top-section elementor-element elementor-element-6f457b2 elementor-section-boxed elementor-section-height-default elementor-section-height-default\" data-id=\"6f457b2\" data-element_type=\"section\" data-settings=\"{&quot;_ha_eqh_enable&quot;:false}\">\n\t\t\t\t\t\t<div class=\"elementor-container elementor-column-gap-default\">\n\t\t\t\t\t<div class=\"elementor-column elementor-col-33 elementor-top-column elementor-element elementor-element-589cbb1\" data-id=\"589cbb1\" data-element_type=\"column\">\n\t\t\t<div class=\"elementor-widget-wrap elementor-element-populated\">\n\t\t\t\t\t\t\t\t<div class=\"elementor-element elementor-element-0946067 elementor-widget elementor-widget-image\" data-id=\"0946067\" data-element_type=\"widget\" data-widget_type=\"image.default\">\n\t\t\t\t<div class=\"elementor-widget-container\">\n\t\t\t\t\t\t\t\t\t\t\t\t\t\t\t<img width=\"518\" height=\"518\" src=\"https:\/\/aptn.pt\/1convencaogestao\/wp-content\/uploads\/2021\/06\/parceiro-estator-01.jpg\" class=\"attachment-large size-large\" alt=\"\" loading=\"lazy\" srcset=\"https:\/\/aptn.pt\/1convencaogestao\/wp-content\/uploads\/2021\/06\/parceiro-estator-01.jpg 518w, https:\/\/aptn.pt\/1convencaogestao\/wp-content\/uploads\/2021\/06\/parceiro-estator-01-300x300.jpg 300w, https:\/\/aptn.pt\/1convencaogestao\/wp-content\/uploads\/2021\/06\/parceiro-estator-01-150x150.jpg 150w\" sizes=\"(max-width: 518px) 100vw, 518px\" \/>\t\t\t\t\t\t\t\t\t\t\t\t\t\t\t<\/div>\n\t\t\t\t<\/div>\n\t\t\t\t\t<\/div>\n\t\t<\/div>\n\t\t\t\t<div class=\"elementor-column elementor-col-66 elementor-top-column elementor-element elementor-element-8507f9a\" data-id=\"8507f9a\" data-element_type=\"column\">\n\t\t\t<div class=\"elementor-widget-wrap elementor-element-populated\">\n\t\t\t\t\t\t\t\t<div class=\"elementor-element elementor-element-925a823 elementor-widget elementor-widget-heading\" data-id=\"925a823\" data-element_type=\"widget\" data-widget_type=\"heading.default\">\n\t\t\t\t<div class=\"elementor-widget-container\">\n\t\t\t<h2 class=\"elementor-heading-title elementor-size-default\"><a href=\"https:\/\/www.estator.pt\/\">ESTATOR Engenharia<\/a><\/h2>\t\t<\/div>\n\t\t\t\t<\/div>\n\t\t\t\t<div class=\"elementor-element elementor-element-2d10b07 elementor-widget elementor-widget-text-editor\" data-id=\"2d10b07\" data-element_type=\"widget\" data-widget_type=\"text-editor.default\">\n\t\t\t\t<div class=\"elementor-widget-container\">\n\t\t\t\t\t\t\t<p>Empresa de presta\u00e7\u00e3o de servi\u00e7os, no \u00e2mbito da Engenharia com profissionais de reconhecidas capacidades t\u00e9cnicas e sociais.<\/p>\t\t\t\t\t\t<\/div>\n\t\t\t\t<\/div>\n\t\t\t\t\t<\/div>\n\t\t<\/div>\n\t\t\t\t\t\t\t<\/div>\n\t\t<\/section>\n\t\t\t\t<section class=\"elementor-section elementor-top-section elementor-element elementor-element-da3a7a0 elementor-section-boxed elementor-section-height-default elementor-section-height-default\" data-id=\"da3a7a0\" data-element_type=\"section\" data-settings=\"{&quot;_ha_eqh_enable&quot;:false}\">\n\t\t\t\t\t\t<div class=\"elementor-container elementor-column-gap-default\">\n\t\t\t\t\t<div class=\"elementor-column elementor-col-33 elementor-top-column elementor-element elementor-element-1875e7a\" data-id=\"1875e7a\" data-element_type=\"column\">\n\t\t\t<div class=\"elementor-widget-wrap elementor-element-populated\">\n\t\t\t\t\t\t\t\t<div class=\"elementor-element elementor-element-d203662 elementor-widget elementor-widget-image\" data-id=\"d203662\" data-element_type=\"widget\" data-widget_type=\"image.default\">\n\t\t\t\t<div class=\"elementor-widget-container\">\n\t\t\t\t\t\t\t\t\t\t\t\t\t\t\t<img width=\"1000\" height=\"1000\" src=\"https:\/\/aptn.pt\/1convencaogestao\/wp-content\/uploads\/2021\/06\/patrocinio-Gnosies-01.jpg\" class=\"attachment-large size-large\" alt=\"\" loading=\"lazy\" srcset=\"https:\/\/aptn.pt\/1convencaogestao\/wp-content\/uploads\/2021\/06\/patrocinio-Gnosies-01.jpg 1000w, https:\/\/aptn.pt\/1convencaogestao\/wp-content\/uploads\/2021\/06\/patrocinio-Gnosies-01-300x300.jpg 300w, https:\/\/aptn.pt\/1convencaogestao\/wp-content\/uploads\/2021\/06\/patrocinio-Gnosies-01-150x150.jpg 150w, https:\/\/aptn.pt\/1convencaogestao\/wp-content\/uploads\/2021\/06\/patrocinio-Gnosies-01-768x768.jpg 768w\" sizes=\"(max-width: 1000px) 100vw, 1000px\" \/>\t\t\t\t\t\t\t\t\t\t\t\t\t\t\t<\/div>\n\t\t\t\t<\/div>\n\t\t\t\t\t<\/div>\n\t\t<\/div>\n\t\t\t\t<div class=\"elementor-column elementor-col-66 elementor-top-column elementor-element elementor-element-fdd4506\" data-id=\"fdd4506\" data-element_type=\"column\">\n\t\t\t<div class=\"elementor-widget-wrap elementor-element-populated\">\n\t\t\t\t\t\t\t\t<div class=\"elementor-element elementor-element-a4f4231 elementor-widget elementor-widget-heading\" data-id=\"a4f4231\" data-element_type=\"widget\" data-widget_type=\"heading.default\">\n\t\t\t\t<div class=\"elementor-widget-container\">\n\t\t\t<h2 class=\"elementor-heading-title elementor-size-default\"><a href=\"https:\/\/www.gnosies.pt\/\">GNOSIES<\/a><\/h2>\t\t<\/div>\n\t\t\t\t<\/div>\n\t\t\t\t<div class=\"elementor-element elementor-element-b9bb1dc elementor-widget elementor-widget-text-editor\" data-id=\"b9bb1dc\" data-element_type=\"widget\" data-widget_type=\"text-editor.default\">\n\t\t\t\t<div class=\"elementor-widget-container\">\n\t\t\t\t\t\t\t<p>Entidade formadora acreditada pela Dire\u00e7\u00e3o-Geral de Acredita\u00e7\u00e3o e Qualidade da Dire\u00e7\u00e3o-Geral do Emprego e das Rela\u00e7\u00f5es de Trabalho\u00a0(<a href=\"https:\/\/www.dgert.gov.pt\/\" target=\"_blank\" rel=\"noopener noreferrer\">DGERT<\/a>), com a\u00e7\u00f5es de forma\u00e7\u00e3o cont\u00ednuas homologadas pelo Instituto Portugu\u00eas do Desporto e Juventude, I.P.\u00a0(<a href=\"https:\/\/ipdj.gov.pt\/\" target=\"_blank\" rel=\"noopener noreferrer\">IPDJ<\/a>).<\/p><p>A GNOSIES tem a miss\u00e3o de implementar pr\u00e1ticas formativas e de suporte de excel\u00eancia a profissionais da Atividade f\u00edsica, Exerc\u00edcio F\u00edsico e Desporto, assente na mais atual e v\u00e1lida evid\u00eancia cient\u00edfica, que reforcem atividade profissional proeficiente.<\/p>\t\t\t\t\t\t<\/div>\n\t\t\t\t<\/div>\n\t\t\t\t\t<\/div>\n\t\t<\/div>\n\t\t\t\t\t\t\t<\/div>\n\t\t<\/section>\n\t\t\t\t\t\t<\/div>\n\t\t\t\t\t<\/div>\n\t\t","protected":false},"excerpt":{"rendered":"<p>FEIRA APTN 2024 CIMAI &#8211; Engenharia e Qu\u00edmica Avan\u00e7ada, S.A. A CIMAI \u00e9 uma empresa portuguesa l\u00edder no desenvolvimento e fabrica\u00e7\u00e3o de produtos qu\u00edmicos. Com uma equipa de cerca de 40 profissionais, a CIMAI desenvolve e fabrica produtos qu\u00edmicos profissionais de alta performance para tratamento de \u00e1guas, manuten\u00e7\u00e3o industrial e higiene profissional. A Unidade de [&hellip;]<\/p>\n","protected":false},"author":1,"featured_media":0,"parent":0,"menu_order":0,"comment_status":"closed","ping_status":"closed","template":"elementor_header_footer","meta":[],"_links":{"self":[{"href":"https:\/\/aptn.pt\/1convencaogestao\/wp-json\/wp\/v2\/pages\/3940"}],"collection":[{"href":"https:\/\/aptn.pt\/1convencaogestao\/wp-json\/wp\/v2\/pages"}],"about":[{"href":"https:\/\/aptn.pt\/1convencaogestao\/wp-json\/wp\/v2\/types\/page"}],"author":[{"embeddable":true,"href":"https:\/\/aptn.pt\/1convencaogestao\/wp-json\/wp\/v2\/users\/1"}],"replies":[{"embeddable":true,"href":"https:\/\/aptn.pt\/1convencaogestao\/wp-json\/wp\/v2\/comments?post=3940"}],"version-history":[{"count":45,"href":"https:\/\/aptn.pt\/1convencaogestao\/wp-json\/wp\/v2\/pages\/3940\/revisions"}],"predecessor-version":[{"id":5487,"href":"https:\/\/aptn.pt\/1convencaogestao\/wp-json\/wp\/v2\/pages\/3940\/revisions\/5487"}],"wp:attachment":[{"href":"https:\/\/aptn.pt\/1convencaogestao\/wp-json\/wp\/v2\/media?parent=3940"}],"curies":[{"name":"wp","href":"https:\/\/api.w.org\/{rel}","templated":true}]}}